{"id":3223,"date":"2020-04-26T15:06:29","date_gmt":"2020-04-26T13:06:29","guid":{"rendered":"https:\/\/talenti.hr\/?post_type=product&#038;p=3223"},"modified":"2020-04-26T15:10:28","modified_gmt":"2020-04-26T13:10:28","slug":"bumerang-aboriginal","status":"publish","type":"product","link":"https:\/\/talenti.hr\/?product=bumerang-aboriginal","title":{"rendered":"Bumerang Aboriginal"},"content":{"rendered":"<p>Odli\u010dan bumerang namijenjen poznavaocima ovog sporta.Pravilnim bacanjem omogu\u0107uje jedan od najdu\u017eih letova sa vrlo preciznim povratkom.Napravljen je od drvene \u0161perplo\u010de.<\/p>\n","protected":false},"excerpt":{"rendered":"<ul>\n<li>Doseg: 30 m<\/li>\n<li>Te\u017eina: 85 g<\/li>\n<li>Raspon: 44 cm<\/li>\n<li>Model: &#8230;<br \/>\n","protected":false},"featured_media":3225,"comment_status":"open","ping_status":"closed","template":"","meta":[],"product_brand":[],"product_cat":[187,168],"product_tag":[356,320],"class_list":{"0":"post-3223","1":"product","2":"type-product","3":"status-publish","4":"has-post-thumbnail","6":"product_cat-bumerang","7":"product_cat-sport","8":"product_tag-aboriginal","9":"product_tag-bumerang","11":"first","12":"instock","13":"taxable","14":"shipping-taxable","15":"purchasable","16":"product-type-simple"},"_links":{"self":[{"href":"https:\/\/talenti.hr\/index.php?rest_route=\/wp\/v2\/product\/3223","targetHints":{"allow":["GET"]}}],"collection":[{"href":"https:\/\/talenti.hr\/index.php?rest_route=\/wp\/v2\/product"}],"about":[{"href":"https:\/\/talenti.hr\/index.php?rest_route=\/wp\/v2\/types\/product"}],"replies":[{"embeddable":true,"href":"https:\/\/talenti.hr\/index.php?rest_route=%2Fwp%2Fv2%2Fcomments&post=3223"}],"wp:featuredmedia":[{"embeddable":true,"href":"https:\/\/talenti.hr\/index.php?rest_route=\/wp\/v2\/media\/3225"}],"wp:attachment":[{"href":"https:\/\/talenti.hr\/index.php?rest_route=%2Fwp%2Fv2%2Fmedia&parent=3223"}],"wp:term":[{"taxonomy":"product_brand","embeddable":true,"href":"https:\/\/talenti.hr\/index.php?rest_route=%2Fwp%2Fv2%2Fproduct_brand&post=3223"},{"taxonomy":"product_cat","embeddable":true,"href":"https:\/\/talenti.hr\/index.php?rest_route=%2Fwp%2Fv2%2Fproduct_cat&post=3223"},{"taxonomy":"product_tag","embeddable":true,"href":"https:\/\/talenti.hr\/index.php?rest_route=%2Fwp%2Fv2%2Fproduct_tag&post=3223"}],"curies":[{"name":"wp","href":"https:\/\/api.w.org\/{rel}","templated":true}]}}