{"id":3243,"date":"2020-04-26T19:58:28","date_gmt":"2020-04-26T17:58:28","guid":{"rendered":"https:\/\/talenti.hr\/?post_type=product&#038;p=3243"},"modified":"2020-04-26T19:58:28","modified_gmt":"2020-04-26T17:58:28","slug":"zmaj-calypso-ii-radical","status":"publish","type":"product","link":"https:\/\/talenti.hr\/?product=zmaj-calypso-ii-radical","title":{"rendered":"Zmaj Calypso II Radical"},"content":{"rendered":"<p>Odli\u010dan po\u010detni akrobatski zmaj namijenjen po\u010detnicima koji se koristi kod srednje jakih vjetrova.Konstrukcija mu je od fiberglas \u0161ipki promjera 4 mm.<\/p>\n<p>Upozorenje:Artikal nije za djecu do 3 godine starosti.Maleni dijelovi su opasni,jer ih mogu udahnuti ili progutati.Prije upotrebe odstranite ambala\u017eu,a ove informacije spremite za kasniju upotrebu.<\/p>\n","protected":false},"excerpt":{"rendered":"<div class=\"woocommerce-product-details__short-description\">\n<div class=\"woocommerce-product-details__short-description\">\n<ul>\n<li>Dimenzije: 110 x 59 cm<\/li>\n<li>Materijal: &#8230;<br \/>\n","protected":false},"featured_media":3245,"comment_status":"open","ping_status":"closed","template":"","meta":[],"product_brand":[],"product_cat":[173,168],"product_tag":[369,370,242],"class_list":{"0":"post-3243","1":"product","2":"type-product","3":"status-publish","4":"has-post-thumbnail","6":"product_cat-akrobatski-zmajevi","7":"product_cat-sport","8":"product_tag-calypso","9":"product_tag-radical","10":"product_tag-zmaj","12":"first","13":"instock","14":"taxable","15":"shipping-taxable","16":"purchasable","17":"product-type-simple"},"_links":{"self":[{"href":"https:\/\/talenti.hr\/index.php?rest_route=\/wp\/v2\/product\/3243","targetHints":{"allow":["GET"]}}],"collection":[{"href":"https:\/\/talenti.hr\/index.php?rest_route=\/wp\/v2\/product"}],"about":[{"href":"https:\/\/talenti.hr\/index.php?rest_route=\/wp\/v2\/types\/product"}],"replies":[{"embeddable":true,"href":"https:\/\/talenti.hr\/index.php?rest_route=%2Fwp%2Fv2%2Fcomments&post=3243"}],"wp:featuredmedia":[{"embeddable":true,"href":"https:\/\/talenti.hr\/index.php?rest_route=\/wp\/v2\/media\/3245"}],"wp:attachment":[{"href":"https:\/\/talenti.hr\/index.php?rest_route=%2Fwp%2Fv2%2Fmedia&parent=3243"}],"wp:term":[{"taxonomy":"product_brand","embeddable":true,"href":"https:\/\/talenti.hr\/index.php?rest_route=%2Fwp%2Fv2%2Fproduct_brand&post=3243"},{"taxonomy":"product_cat","embeddable":true,"href":"https:\/\/talenti.hr\/index.php?rest_route=%2Fwp%2Fv2%2Fproduct_cat&post=3243"},{"taxonomy":"product_tag","embeddable":true,"href":"https:\/\/talenti.hr\/index.php?rest_route=%2Fwp%2Fv2%2Fproduct_tag&post=3243"}],"curies":[{"name":"wp","href":"https:\/\/api.w.org\/{rel}","templated":true}]}}