{"id":3284,"date":"2020-04-28T14:28:30","date_gmt":"2020-04-28T12:28:30","guid":{"rendered":"https:\/\/talenti.hr\/?post_type=product&#038;p=3284"},"modified":"2020-04-28T17:59:15","modified_gmt":"2020-04-28T15:59:15","slug":"kajt-symphony-beach-iii-aqua-18","status":"publish","type":"product","link":"https:\/\/talenti.hr\/?product=kajt-symphony-beach-iii-aqua-18","title":{"rendered":"Kajt Symphony Beach III Aqua 1,8"},"content":{"rendered":"<p>Ovaj kajt ima odli\u010dan odnos cijene i kvalitete.Sve veli\u010dine kajtova serije Symphony odlikuje brzina i stabilnost.Mogu ga koristiti i djeca starija od 12 godina.Ambala\u017ea je zgodna i kompaktna,zauzima vrlo malo mjesta,a ima sve potrebno za prvo kajtanje ( kajt,niti,ru\u010dke ).<\/p>\n<p>Upozorenje:artikal nije za djecu do 3 godine starosti,maleni dijelovi su opasni,jer ih mogu udahnuti ili progutati,Artikal ima duga\u010dku uzicu s kojom se dijete mo\u017ee ugu\u0161iti.Prije upotrebe odstraniti ambala\u017eu, a ove informacije spremite za kasniju upotrebu.<\/p>\n","protected":false},"excerpt":{"rendered":"<ul>\n<li>Dimenzije: 180 x 60 cm<\/li>\n<li>Materijal: Ripstop\u00a0 poliester ( kao &#8230;<br \/>\n","protected":false},"featured_media":3281,"comment_status":"open","ping_status":"closed","template":"","meta":[],"product_brand":[],"product_cat":[174,168],"product_tag":[368,381,249,380],"class_list":{"0":"post-3284","1":"product","2":"type-product","3":"status-publish","4":"has-post-thumbnail","6":"product_cat-kajtovi","7":"product_cat-sport","8":"product_tag-aqua","9":"product_tag-beach","10":"product_tag-kajt","11":"product_tag-symphony","13":"first","14":"instock","15":"taxable","16":"shipping-taxable","17":"purchasable","18":"product-type-simple"},"_links":{"self":[{"href":"https:\/\/talenti.hr\/index.php?rest_route=\/wp\/v2\/product\/3284","targetHints":{"allow":["GET"]}}],"collection":[{"href":"https:\/\/talenti.hr\/index.php?rest_route=\/wp\/v2\/product"}],"about":[{"href":"https:\/\/talenti.hr\/index.php?rest_route=\/wp\/v2\/types\/product"}],"replies":[{"embeddable":true,"href":"https:\/\/talenti.hr\/index.php?rest_route=%2Fwp%2Fv2%2Fcomments&post=3284"}],"wp:featuredmedia":[{"embeddable":true,"href":"https:\/\/talenti.hr\/index.php?rest_route=\/wp\/v2\/media\/3281"}],"wp:attachment":[{"href":"https:\/\/talenti.hr\/index.php?rest_route=%2Fwp%2Fv2%2Fmedia&parent=3284"}],"wp:term":[{"taxonomy":"product_brand","embeddable":true,"href":"https:\/\/talenti.hr\/index.php?rest_route=%2Fwp%2Fv2%2Fproduct_brand&post=3284"},{"taxonomy":"product_cat","embeddable":true,"href":"https:\/\/talenti.hr\/index.php?rest_route=%2Fwp%2Fv2%2Fproduct_cat&post=3284"},{"taxonomy":"product_tag","embeddable":true,"href":"https:\/\/talenti.hr\/index.php?rest_route=%2Fwp%2Fv2%2Fproduct_tag&post=3284"}],"curies":[{"name":"wp","href":"https:\/\/api.w.org\/{rel}","templated":true}]}}