{"id":3295,"date":"2020-04-28T15:39:19","date_gmt":"2020-04-28T13:39:19","guid":{"rendered":"https:\/\/talenti.hr\/?post_type=product&#038;p=3295"},"modified":"2020-04-28T17:02:24","modified_gmt":"2020-04-28T15:02:24","slug":"kajt-fluxx-training-18","status":"publish","type":"product","link":"https:\/\/talenti.hr\/?product=kajt-fluxx-training-18","title":{"rendered":"Kajt Fluxx Training 1,8"},"content":{"rendered":"<p>Kajt Fluxx Training 1.8 dopunjuje ponudu kajtova namijenjenih u\u010denju i dobivanju iskustva prije kori\u0161tenja kajtova ve\u0107ih dimenzija,zato je on izbor mnogih \u0161kola kajta u svijetu.Ovaj kajt je smanjena verzija POWER kajtova koji su zbog snage i veli\u010dine namijenjeni samo iskusnim korisnicima.Flux Training svojom povr\u0161inom omogu\u0107uje sigurnu upotrebu i po\u010detnicima.Koristi se s krmenom palicom ( BAR ) \u0161irine 45 cm.Mogu ga koristiti i djeca starija od 14 godina.<\/p>\n<p>UPOZORENJE! Artikal nije za djecu do 3 godine starosti. Maleni dijelovi su opasni,jer ih mogu udahnuti ili progutati.Artikal ima duga\u010dku uzicu s kojom se dijete mo\u017ee ugu\u0161iti.Prije upotrebe odstraniti ambala\u017eu.Ove informacije spremite za kasniju upotrebu.<\/p>\n","protected":false},"excerpt":{"rendered":"<div class=\"woocommerce-product-details__short-description\">\n<ul>\n<li>Dimenzije: 180 x 60 cm<\/li>\n<li>Materjial: Ripstop\u00a0 poliester &#8230;<br \/>\n","protected":false},"featured_media":3297,"comment_status":"open","ping_status":"closed","template":"","meta":[],"product_brand":[],"product_cat":[174,168],"product_tag":[378,249,379],"class_list":{"0":"post-3295","1":"product","2":"type-product","3":"status-publish","4":"has-post-thumbnail","6":"product_cat-kajtovi","7":"product_cat-sport","8":"product_tag-fluxx","9":"product_tag-kajt","10":"product_tag-training","12":"first","13":"instock","14":"taxable","15":"shipping-taxable","16":"purchasable","17":"product-type-simple"},"_links":{"self":[{"href":"https:\/\/talenti.hr\/index.php?rest_route=\/wp\/v2\/product\/3295","targetHints":{"allow":["GET"]}}],"collection":[{"href":"https:\/\/talenti.hr\/index.php?rest_route=\/wp\/v2\/product"}],"about":[{"href":"https:\/\/talenti.hr\/index.php?rest_route=\/wp\/v2\/types\/product"}],"replies":[{"embeddable":true,"href":"https:\/\/talenti.hr\/index.php?rest_route=%2Fwp%2Fv2%2Fcomments&post=3295"}],"wp:featuredmedia":[{"embeddable":true,"href":"https:\/\/talenti.hr\/index.php?rest_route=\/wp\/v2\/media\/3297"}],"wp:attachment":[{"href":"https:\/\/talenti.hr\/index.php?rest_route=%2Fwp%2Fv2%2Fmedia&parent=3295"}],"wp:term":[{"taxonomy":"product_brand","embeddable":true,"href":"https:\/\/talenti.hr\/index.php?rest_route=%2Fwp%2Fv2%2Fproduct_brand&post=3295"},{"taxonomy":"product_cat","embeddable":true,"href":"https:\/\/talenti.hr\/index.php?rest_route=%2Fwp%2Fv2%2Fproduct_cat&post=3295"},{"taxonomy":"product_tag","embeddable":true,"href":"https:\/\/talenti.hr\/index.php?rest_route=%2Fwp%2Fv2%2Fproduct_tag&post=3295"}],"curies":[{"name":"wp","href":"https:\/\/api.w.org\/{rel}","templated":true}]}}