{"id":3308,"date":"2020-04-28T17:35:27","date_gmt":"2020-04-28T15:35:27","guid":{"rendered":"https:\/\/talenti.hr\/?post_type=product&#038;p=3308"},"modified":"2020-04-28T17:35:27","modified_gmt":"2020-04-28T15:35:27","slug":"kajt-symphony-pro-25-neon-blue","status":"publish","type":"product","link":"https:\/\/talenti.hr\/?product=kajt-symphony-pro-25-neon-blue","title":{"rendered":"Kajt Symphony Pro 2,5 Neon Blue"},"content":{"rendered":"<p>Izuzetno eksplozivan,ali i lako vodljiv kajt s velikom vu\u010dnom snagom.Vodi se s parom prilo\u017eenih platnenih ru\u010dki ili \u0161ipkom za upravljanje.Mogu ga koristiti odrasli i djeca starija od 14 godina.<\/p>\n<p>Mo\u017ee se koristiti i za kajtanje na snijegu ili kopnu .<\/p>\n","protected":false},"excerpt":{"rendered":"<div class=\"woocommerce-product-details__short-description\">\n<div class=\"woocommerce-product-details__short-description\">\n<ul>\n<li>Dimenzije: 250 x 73 cm<\/li>\n<li>Materjial: &#8230;<br \/>\n","protected":false},"featured_media":3311,"comment_status":"open","ping_status":"closed","template":"","meta":[],"product_brand":[],"product_cat":[174,168],"product_tag":[383,249,382,325,380],"class_list":{"0":"post-3308","1":"product","2":"type-product","3":"status-publish","4":"has-post-thumbnail","6":"product_cat-kajtovi","7":"product_cat-sport","8":"product_tag-blue","9":"product_tag-kajt","10":"product_tag-neon","11":"product_tag-pro","12":"product_tag-symphony","14":"first","15":"instock","16":"taxable","17":"shipping-taxable","18":"purchasable","19":"product-type-simple"},"_links":{"self":[{"href":"https:\/\/talenti.hr\/index.php?rest_route=\/wp\/v2\/product\/3308","targetHints":{"allow":["GET"]}}],"collection":[{"href":"https:\/\/talenti.hr\/index.php?rest_route=\/wp\/v2\/product"}],"about":[{"href":"https:\/\/talenti.hr\/index.php?rest_route=\/wp\/v2\/types\/product"}],"replies":[{"embeddable":true,"href":"https:\/\/talenti.hr\/index.php?rest_route=%2Fwp%2Fv2%2Fcomments&post=3308"}],"wp:featuredmedia":[{"embeddable":true,"href":"https:\/\/talenti.hr\/index.php?rest_route=\/wp\/v2\/media\/3311"}],"wp:attachment":[{"href":"https:\/\/talenti.hr\/index.php?rest_route=%2Fwp%2Fv2%2Fmedia&parent=3308"}],"wp:term":[{"taxonomy":"product_brand","embeddable":true,"href":"https:\/\/talenti.hr\/index.php?rest_route=%2Fwp%2Fv2%2Fproduct_brand&post=3308"},{"taxonomy":"product_cat","embeddable":true,"href":"https:\/\/talenti.hr\/index.php?rest_route=%2Fwp%2Fv2%2Fproduct_cat&post=3308"},{"taxonomy":"product_tag","embeddable":true,"href":"https:\/\/talenti.hr\/index.php?rest_route=%2Fwp%2Fv2%2Fproduct_tag&post=3308"}],"curies":[{"name":"wp","href":"https:\/\/api.w.org\/{rel}","templated":true}]}}