{"id":3366,"date":"2020-04-29T13:19:54","date_gmt":"2020-04-29T11:19:54","guid":{"rendered":"https:\/\/talenti.hr\/?post_type=product&#038;p=3366"},"modified":"2020-04-29T13:19:54","modified_gmt":"2020-04-29T11:19:54","slug":"stule-za-djecu","status":"publish","type":"product","link":"https:\/\/talenti.hr\/?product=stule-za-djecu","title":{"rendered":"\u0160tule za djecu"},"content":{"rendered":"<p>Zabavna i korisna igra\u010dka koja se \u010desto koristi u dje\u010djim vrti\u0107ima.Pobolj\u0161ava motoriku i ravnote\u017eu.Na donjem dijelu je gumeni obrub koji spre\u010dava klizanje i buku.<\/p>\n","protected":false},"excerpt":{"rendered":"<ul>\n<li>Boja: crvena<\/li>\n<li>Rok isporuke: 7-10 dana<\/li>\n<li>Proizvo\u0111a\u010d: Play<\/li>\n<\/ul>\n<p> &#8230; <\/p>\n","protected":false},"featured_media":3368,"comment_status":"open","ping_status":"closed","template":"","meta":[],"product_brand":[],"product_cat":[178,183],"product_tag":[389,388],"class_list":{"0":"post-3366","1":"product","2":"type-product","3":"status-publish","4":"has-post-thumbnail","6":"product_cat-igre-na-otvorenom","7":"product_cat-igre-spretnosti","8":"product_tag-djeca","9":"product_tag-stule","11":"first","12":"instock","13":"taxable","14":"shipping-taxable","15":"purchasable","16":"product-type-simple"},"_links":{"self":[{"href":"https:\/\/talenti.hr\/index.php?rest_route=\/wp\/v2\/product\/3366","targetHints":{"allow":["GET"]}}],"collection":[{"href":"https:\/\/talenti.hr\/index.php?rest_route=\/wp\/v2\/product"}],"about":[{"href":"https:\/\/talenti.hr\/index.php?rest_route=\/wp\/v2\/types\/product"}],"replies":[{"embeddable":true,"href":"https:\/\/talenti.hr\/index.php?rest_route=%2Fwp%2Fv2%2Fcomments&post=3366"}],"wp:featuredmedia":[{"embeddable":true,"href":"https:\/\/talenti.hr\/index.php?rest_route=\/wp\/v2\/media\/3368"}],"wp:attachment":[{"href":"https:\/\/talenti.hr\/index.php?rest_route=%2Fwp%2Fv2%2Fmedia&parent=3366"}],"wp:term":[{"taxonomy":"product_brand","embeddable":true,"href":"https:\/\/talenti.hr\/index.php?rest_route=%2Fwp%2Fv2%2Fproduct_brand&post=3366"},{"taxonomy":"product_cat","embeddable":true,"href":"https:\/\/talenti.hr\/index.php?rest_route=%2Fwp%2Fv2%2Fproduct_cat&post=3366"},{"taxonomy":"product_tag","embeddable":true,"href":"https:\/\/talenti.hr\/index.php?rest_route=%2Fwp%2Fv2%2Fproduct_tag&post=3366"}],"curies":[{"name":"wp","href":"https:\/\/api.w.org\/{rel}","templated":true}]}}