{"id":3395,"date":"2020-04-30T12:37:57","date_gmt":"2020-04-30T10:37:57","guid":{"rendered":"https:\/\/talenti.hr\/?post_type=product&#038;p=3395"},"modified":"2020-04-30T12:37:57","modified_gmt":"2020-04-30T10:37:57","slug":"elasticni-mini-lanser-bacac","status":"publish","type":"product","link":"https:\/\/talenti.hr\/?product=elasticni-mini-lanser-bacac","title":{"rendered":"Elasti\u010dni mini lanser ( baca\u010d )"},"content":{"rendered":"<p>Jednostavna i zabavna igra.Raketicu sa helikopterskim krilom zataknemo za lastik i ispucamo u zrak.<\/p>\n<p>Upozorenje: Artikal nije za djecu do 3 godine starosti.Maleni dijelovi su opasni,jer ih djeca lako udahnu ili progutaju \u0161to mo\u017ee dovesti do gu\u0161enja.Prije nego ga dijete upotrebi treba odstraniti ambala\u017eu!<\/p>\n","protected":false},"excerpt":{"rendered":"<ul>\n<li>Veli\u010dina raketice sa helikopterskim krilom : 10 cm<\/li>\n<li>Rok isporuke.: &#8230;<br \/>\n","protected":false},"featured_media":3397,"comment_status":"open","ping_status":"closed","template":"","meta":[],"product_brand":[],"product_cat":[178],"product_tag":[414,415,401],"class_list":{"0":"post-3395","1":"product","2":"type-product","3":"status-publish","4":"has-post-thumbnail","6":"product_cat-igre-na-otvorenom","7":"product_tag-elasicni","8":"product_tag-lanser","9":"product_tag-mini","11":"first","12":"instock","13":"taxable","14":"shipping-taxable","15":"purchasable","16":"product-type-simple"},"_links":{"self":[{"href":"https:\/\/talenti.hr\/index.php?rest_route=\/wp\/v2\/product\/3395","targetHints":{"allow":["GET"]}}],"collection":[{"href":"https:\/\/talenti.hr\/index.php?rest_route=\/wp\/v2\/product"}],"about":[{"href":"https:\/\/talenti.hr\/index.php?rest_route=\/wp\/v2\/types\/product"}],"replies":[{"embeddable":true,"href":"https:\/\/talenti.hr\/index.php?rest_route=%2Fwp%2Fv2%2Fcomments&post=3395"}],"wp:featuredmedia":[{"embeddable":true,"href":"https:\/\/talenti.hr\/index.php?rest_route=\/wp\/v2\/media\/3397"}],"wp:attachment":[{"href":"https:\/\/talenti.hr\/index.php?rest_route=%2Fwp%2Fv2%2Fmedia&parent=3395"}],"wp:term":[{"taxonomy":"product_brand","embeddable":true,"href":"https:\/\/talenti.hr\/index.php?rest_route=%2Fwp%2Fv2%2Fproduct_brand&post=3395"},{"taxonomy":"product_cat","embeddable":true,"href":"https:\/\/talenti.hr\/index.php?rest_route=%2Fwp%2Fv2%2Fproduct_cat&post=3395"},{"taxonomy":"product_tag","embeddable":true,"href":"https:\/\/talenti.hr\/index.php?rest_route=%2Fwp%2Fv2%2Fproduct_tag&post=3395"}],"curies":[{"name":"wp","href":"https:\/\/api.w.org\/{rel}","templated":true}]}}