{"id":3416,"date":"2020-04-30T17:20:12","date_gmt":"2020-04-30T15:20:12","guid":{"rendered":"https:\/\/talenti.hr\/?post_type=product&#038;p=3416"},"modified":"2020-04-30T17:20:12","modified_gmt":"2020-04-30T15:20:12","slug":"avion-airglider-easy","status":"publish","type":"product","link":"https:\/\/talenti.hr\/?product=avion-airglider-easy","title":{"rendered":"Avion Airglider Easy"},"content":{"rendered":"<p>Avion je izra\u0111en od kvalitetnog materijala kao za jedra ( Ripstop poliester ).Konstrukcija je od mje\u0161avine karbonskih i staklenih vlakana.Mo\u017ee se pu\u0161tati u daljinu iz ruke ili prilo\u017eene pra\u0107ke ili raditi okrete ( looping ).Na\u010din leta mo\u017ee se mijenjati dodavanjem te\u017eine.Prednji dio je od gume za slu\u010daj udarca.<\/p>\n<p>Upozorenje: artikal nije za djecu do 3 godine starosti !!<\/p>\n","protected":false},"excerpt":{"rendered":"<div class=\"woocommerce-product-details__short-description\">\n<ul>\n<li>Raspon krila: 32 cm<\/li>\n<li>Du\u017eina: 33 cm<\/li>\n<li>Boje: &#8230;<br \/>\n","protected":false},"featured_media":3419,"comment_status":"open","ping_status":"closed","template":"","meta":[],"product_brand":[],"product_cat":[178,168],"product_tag":[426,430,432],"class_list":{"0":"post-3416","1":"product","2":"type-product","3":"status-publish","4":"has-post-thumbnail","6":"product_cat-igre-na-otvorenom","7":"product_cat-sport","8":"product_tag-airglider","9":"product_tag-avion","10":"product_tag-easy","12":"first","13":"instock","14":"taxable","15":"shipping-taxable","16":"purchasable","17":"product-type-simple"},"_links":{"self":[{"href":"https:\/\/talenti.hr\/index.php?rest_route=\/wp\/v2\/product\/3416","targetHints":{"allow":["GET"]}}],"collection":[{"href":"https:\/\/talenti.hr\/index.php?rest_route=\/wp\/v2\/product"}],"about":[{"href":"https:\/\/talenti.hr\/index.php?rest_route=\/wp\/v2\/types\/product"}],"replies":[{"embeddable":true,"href":"https:\/\/talenti.hr\/index.php?rest_route=%2Fwp%2Fv2%2Fcomments&post=3416"}],"wp:featuredmedia":[{"embeddable":true,"href":"https:\/\/talenti.hr\/index.php?rest_route=\/wp\/v2\/media\/3419"}],"wp:attachment":[{"href":"https:\/\/talenti.hr\/index.php?rest_route=%2Fwp%2Fv2%2Fmedia&parent=3416"}],"wp:term":[{"taxonomy":"product_brand","embeddable":true,"href":"https:\/\/talenti.hr\/index.php?rest_route=%2Fwp%2Fv2%2Fproduct_brand&post=3416"},{"taxonomy":"product_cat","embeddable":true,"href":"https:\/\/talenti.hr\/index.php?rest_route=%2Fwp%2Fv2%2Fproduct_cat&post=3416"},{"taxonomy":"product_tag","embeddable":true,"href":"https:\/\/talenti.hr\/index.php?rest_route=%2Fwp%2Fv2%2Fproduct_tag&post=3416"}],"curies":[{"name":"wp","href":"https:\/\/api.w.org\/{rel}","templated":true}]}}