{"id":3425,"date":"2020-04-30T17:35:54","date_gmt":"2020-04-30T15:35:54","guid":{"rendered":"https:\/\/talenti.hr\/?post_type=product&#038;p=3425"},"modified":"2020-04-30T17:37:17","modified_gmt":"2020-04-30T15:37:17","slug":"3425","status":"publish","type":"product","link":"https:\/\/talenti.hr\/?product=3425","title":{"rendered":"Zra\u010dna letjelica Flame"},"content":{"rendered":"<p>Zra\u010dna jedrilica je izra\u0111ena od kvalitetnog materijala kao za jedra ( Ripstop poliester ).Konstrukcija je od mje\u0161avine karbonskih i staklenih vlakana.Mo\u017ee se pu\u0161tati u daljinu iz ruke ili prilo\u017eene pra\u0107ke ili raditi okrete ( looping ).Na\u010din leta mo\u017ee se mijenjati dodavanjem te\u017eine.<\/p>\n<p>Upozorenje: artikal nije za djecu do 3 godine starosti !!<\/p>\n","protected":false},"excerpt":{"rendered":"<div class=\"woocommerce-product-details__short-description\">\n<div class=\"woocommerce-product-details__short-description\">\n<ul>\n<li>Raspon krila: 40 cm<\/li>\n<li>Du\u017eina: 45 &#8230;<br \/>\n","protected":false},"featured_media":3427,"comment_status":"open","ping_status":"closed","template":"","meta":[],"product_brand":[],"product_cat":[178,168],"product_tag":[434,433],"class_list":{"0":"post-3425","1":"product","2":"type-product","3":"status-publish","4":"has-post-thumbnail","6":"product_cat-igre-na-otvorenom","7":"product_cat-sport","8":"product_tag-jedrilica","9":"product_tag-zracna","11":"first","12":"instock","13":"taxable","14":"shipping-taxable","15":"purchasable","16":"product-type-simple"},"_links":{"self":[{"href":"https:\/\/talenti.hr\/index.php?rest_route=\/wp\/v2\/product\/3425","targetHints":{"allow":["GET"]}}],"collection":[{"href":"https:\/\/talenti.hr\/index.php?rest_route=\/wp\/v2\/product"}],"about":[{"href":"https:\/\/talenti.hr\/index.php?rest_route=\/wp\/v2\/types\/product"}],"replies":[{"embeddable":true,"href":"https:\/\/talenti.hr\/index.php?rest_route=%2Fwp%2Fv2%2Fcomments&post=3425"}],"wp:featuredmedia":[{"embeddable":true,"href":"https:\/\/talenti.hr\/index.php?rest_route=\/wp\/v2\/media\/3427"}],"wp:attachment":[{"href":"https:\/\/talenti.hr\/index.php?rest_route=%2Fwp%2Fv2%2Fmedia&parent=3425"}],"wp:term":[{"taxonomy":"product_brand","embeddable":true,"href":"https:\/\/talenti.hr\/index.php?rest_route=%2Fwp%2Fv2%2Fproduct_brand&post=3425"},{"taxonomy":"product_cat","embeddable":true,"href":"https:\/\/talenti.hr\/index.php?rest_route=%2Fwp%2Fv2%2Fproduct_cat&post=3425"},{"taxonomy":"product_tag","embeddable":true,"href":"https:\/\/talenti.hr\/index.php?rest_route=%2Fwp%2Fv2%2Fproduct_tag&post=3425"}],"curies":[{"name":"wp","href":"https:\/\/api.w.org\/{rel}","templated":true}]}}