{"id":3451,"date":"2020-04-30T19:19:13","date_gmt":"2020-04-30T17:19:13","guid":{"rendered":"https:\/\/talenti.hr\/?post_type=product&#038;p=3451"},"modified":"2020-04-30T19:19:52","modified_gmt":"2020-04-30T17:19:52","slug":"pistolj-zyphoon","status":"publish","type":"product","link":"https:\/\/talenti.hr\/?product=pistolj-zyphoon","title":{"rendered":"Pi\u0161tolj Zyphoon"},"content":{"rendered":"<p>Ovaj pi\u0161tolj ispaljuje mekane plasti\u010dne kolutove do 15 m daljine.Mo\u017ee se koristiti u zatvorenom i otvorenom prostoru.Preporu\u010duje se za djecu stariju od 6 godina.Prilo\u017eena su 4 plasti\u010dna koluta.<\/p>\n<p>Upozorenje: artikal se ne preporu\u010duje djeci mla\u0111oj od 3 godine<\/p>\n","protected":false},"excerpt":{"rendered":"<ul>\n<li>Rok isporuke: 5-7 dana<\/li>\n<li>Proizvo\u0111a\u010d: HQ Invento<\/li>\n<\/ul>\n<p> &nbsp; &#8230; <\/p>\n","protected":false},"featured_media":3453,"comment_status":"open","ping_status":"closed","template":"","meta":[],"product_brand":[],"product_cat":[178,168],"product_tag":[439,440],"class_list":{"0":"post-3451","1":"product","2":"type-product","3":"status-publish","4":"has-post-thumbnail","6":"product_cat-igre-na-otvorenom","7":"product_cat-sport","8":"product_tag-pistolj","9":"product_tag-zyphoon","11":"first","12":"instock","13":"taxable","14":"shipping-taxable","15":"purchasable","16":"product-type-simple"},"_links":{"self":[{"href":"https:\/\/talenti.hr\/index.php?rest_route=\/wp\/v2\/product\/3451","targetHints":{"allow":["GET"]}}],"collection":[{"href":"https:\/\/talenti.hr\/index.php?rest_route=\/wp\/v2\/product"}],"about":[{"href":"https:\/\/talenti.hr\/index.php?rest_route=\/wp\/v2\/types\/product"}],"replies":[{"embeddable":true,"href":"https:\/\/talenti.hr\/index.php?rest_route=%2Fwp%2Fv2%2Fcomments&post=3451"}],"wp:featuredmedia":[{"embeddable":true,"href":"https:\/\/talenti.hr\/index.php?rest_route=\/wp\/v2\/media\/3453"}],"wp:attachment":[{"href":"https:\/\/talenti.hr\/index.php?rest_route=%2Fwp%2Fv2%2Fmedia&parent=3451"}],"wp:term":[{"taxonomy":"product_brand","embeddable":true,"href":"https:\/\/talenti.hr\/index.php?rest_route=%2Fwp%2Fv2%2Fproduct_brand&post=3451"},{"taxonomy":"product_cat","embeddable":true,"href":"https:\/\/talenti.hr\/index.php?rest_route=%2Fwp%2Fv2%2Fproduct_cat&post=3451"},{"taxonomy":"product_tag","embeddable":true,"href":"https:\/\/talenti.hr\/index.php?rest_route=%2Fwp%2Fv2%2Fproduct_tag&post=3451"}],"curies":[{"name":"wp","href":"https:\/\/api.w.org\/{rel}","templated":true}]}}