{"id":3456,"date":"2020-05-01T12:01:55","date_gmt":"2020-05-01T10:01:55","guid":{"rendered":"https:\/\/talenti.hr\/?post_type=product&#038;p=3456"},"modified":"2020-05-01T12:21:39","modified_gmt":"2020-05-01T10:21:39","slug":"padobran-za-djecu","status":"publish","type":"product","link":"https:\/\/talenti.hr\/?product=padobran-za-djecu","title":{"rendered":"Padobran za djecu"},"content":{"rendered":"<p>Vrlo izdr\u017eljiv padobran od kvalitetnog materijala sa \u010dvrstim dr\u0161kama.Sastoji se od vi\u0161e plo\u010da u 4 boje ( crvena,\u017euta,plava,zelena ).<\/p>\n<p>Cijena padobrana promjera 6 m je 620,00 Kn.<\/p>\n","protected":false},"excerpt":{"rendered":"<ul>\n<li>Veli\u010dina: 3,6 m i 6 m<\/li>\n<li>Promjer rupe u sredini: &#8230;<br \/>\n","protected":false},"featured_media":3465,"comment_status":"open","ping_status":"closed","template":"","meta":[],"product_brand":[],"product_cat":[178,168],"product_tag":[389,441],"class_list":{"0":"post-3456","1":"product","2":"type-product","3":"status-publish","4":"has-post-thumbnail","6":"product_cat-igre-na-otvorenom","7":"product_cat-sport","8":"product_tag-djeca","9":"product_tag-padobran","11":"first","12":"instock","13":"taxable","14":"shipping-taxable","15":"purchasable","16":"product-type-simple"},"_links":{"self":[{"href":"https:\/\/talenti.hr\/index.php?rest_route=\/wp\/v2\/product\/3456","targetHints":{"allow":["GET"]}}],"collection":[{"href":"https:\/\/talenti.hr\/index.php?rest_route=\/wp\/v2\/product"}],"about":[{"href":"https:\/\/talenti.hr\/index.php?rest_route=\/wp\/v2\/types\/product"}],"replies":[{"embeddable":true,"href":"https:\/\/talenti.hr\/index.php?rest_route=%2Fwp%2Fv2%2Fcomments&post=3456"}],"wp:featuredmedia":[{"embeddable":true,"href":"https:\/\/talenti.hr\/index.php?rest_route=\/wp\/v2\/media\/3465"}],"wp:attachment":[{"href":"https:\/\/talenti.hr\/index.php?rest_route=%2Fwp%2Fv2%2Fmedia&parent=3456"}],"wp:term":[{"taxonomy":"product_brand","embeddable":true,"href":"https:\/\/talenti.hr\/index.php?rest_route=%2Fwp%2Fv2%2Fproduct_brand&post=3456"},{"taxonomy":"product_cat","embeddable":true,"href":"https:\/\/talenti.hr\/index.php?rest_route=%2Fwp%2Fv2%2Fproduct_cat&post=3456"},{"taxonomy":"product_tag","embeddable":true,"href":"https:\/\/talenti.hr\/index.php?rest_route=%2Fwp%2Fv2%2Fproduct_tag&post=3456"}],"curies":[{"name":"wp","href":"https:\/\/api.w.org\/{rel}","templated":true}]}}