{"id":3467,"date":"2020-05-01T13:13:24","date_gmt":"2020-05-01T11:13:24","guid":{"rendered":"https:\/\/talenti.hr\/?post_type=product&#038;p=3467"},"modified":"2020-05-01T13:15:02","modified_gmt":"2020-05-01T11:15:02","slug":"padobran-za-djecu-za-2-osobe-set-od-6","status":"publish","type":"product","link":"https:\/\/talenti.hr\/?product=padobran-za-djecu-za-2-osobe-set-od-6","title":{"rendered":"Padobrani za djecu za 2 osobe &#8211; set od 6"},"content":{"rendered":"<p>Izra\u0111eni su od kvalitetnog materijala sa \u010dvrstim ru\u010dkama u svim kutevima.Ovaj rekvizit unosi elemente timskog rada u igru npr. dodavanja i hvatanja,ali bez dr\u017eanja za ruke.<\/p>\n","protected":false},"excerpt":{"rendered":"<ul>\n<li>Veli\u010dina: 127 x 83 cm<\/li>\n<li>Rok isporuke: 7-10 dana<\/li>\n<li>Proizvo\u0111a\u010d: &#8230;<br \/>\n","protected":false},"featured_media":3469,"comment_status":"open","ping_status":"closed","template":"","meta":[],"product_brand":[],"product_cat":[178,168],"product_tag":[389,442],"class_list":{"0":"post-3467","1":"product","2":"type-product","3":"status-publish","4":"has-post-thumbnail","6":"product_cat-igre-na-otvorenom","7":"product_cat-sport","8":"product_tag-djeca","9":"product_tag-padobrani","11":"first","12":"instock","13":"taxable","14":"shipping-taxable","15":"purchasable","16":"product-type-simple"},"_links":{"self":[{"href":"https:\/\/talenti.hr\/index.php?rest_route=\/wp\/v2\/product\/3467","targetHints":{"allow":["GET"]}}],"collection":[{"href":"https:\/\/talenti.hr\/index.php?rest_route=\/wp\/v2\/product"}],"about":[{"href":"https:\/\/talenti.hr\/index.php?rest_route=\/wp\/v2\/types\/product"}],"replies":[{"embeddable":true,"href":"https:\/\/talenti.hr\/index.php?rest_route=%2Fwp%2Fv2%2Fcomments&post=3467"}],"wp:featuredmedia":[{"embeddable":true,"href":"https:\/\/talenti.hr\/index.php?rest_route=\/wp\/v2\/media\/3469"}],"wp:attachment":[{"href":"https:\/\/talenti.hr\/index.php?rest_route=%2Fwp%2Fv2%2Fmedia&parent=3467"}],"wp:term":[{"taxonomy":"product_brand","embeddable":true,"href":"https:\/\/talenti.hr\/index.php?rest_route=%2Fwp%2Fv2%2Fproduct_brand&post=3467"},{"taxonomy":"product_cat","embeddable":true,"href":"https:\/\/talenti.hr\/index.php?rest_route=%2Fwp%2Fv2%2Fproduct_cat&post=3467"},{"taxonomy":"product_tag","embeddable":true,"href":"https:\/\/talenti.hr\/index.php?rest_route=%2Fwp%2Fv2%2Fproduct_tag&post=3467"}],"curies":[{"name":"wp","href":"https:\/\/api.w.org\/{rel}","templated":true}]}}