{"id":3659,"date":"2020-05-06T11:39:30","date_gmt":"2020-05-06T09:39:30","guid":{"rendered":"https:\/\/talenti.hr\/?post_type=product&#038;p=3659"},"modified":"2020-05-09T13:05:16","modified_gmt":"2020-05-09T11:05:16","slug":"figure-frozen-kraljica-elsa-ledeno-kraljevstvo","status":"publish","type":"product","link":"https:\/\/talenti.hr\/?product=figure-frozen-kraljica-elsa-ledeno-kraljevstvo","title":{"rendered":"Figure Frozen ( Snje\u017eno kraljevstvo ) &#8211; kraljica Elsa"},"content":{"rendered":"<p>Vrlo detaljno izra\u0111ena figura, a vi\u0161e sli\u010dnih\u00a0 mo\u017eete prona\u0107i\u00a0 <a href=\"http:\/\/www.bullyland.de\/index.php?id=772&amp;L=1\" target=\"_blank\" rel=\"noopener noreferrer\">OVDJE<\/a><\/p>\n<p>Upozorenje:Artikal nije za djecu do 3 godine starosti.Maleni dijelovi su opasni,jer ih mogu udahnuti ili progutati.Prije upotrebe odstranite ambala\u017eu,a ove informacije spremite za kasniju upotrebu.<\/p>\n","protected":false},"excerpt":{"rendered":"<ul>\n<li>Veli\u010dina: 11 cm<\/li>\n<li>Materijal: mje\u0161avina gume ( bez PVC-a )<\/li>\n<p> &#8230; <\/p>\n","protected":false},"featured_media":3661,"comment_status":"open","ping_status":"closed","template":"","meta":[],"product_brand":[],"product_cat":[160,165],"product_tag":[513,450,508,511,512,529],"class_list":{"0":"post-3659","1":"product","2":"type-product","3":"status-publish","4":"has-post-thumbnail","6":"product_cat-igracke","7":"product_cat-minijaturne-figure","8":"product_tag-elsa","9":"product_tag-figure","10":"product_tag-frozen","11":"product_tag-kraljevstvo","12":"product_tag-kraljica","13":"product_tag-snjezno","15":"first","16":"instock","17":"taxable","18":"shipping-taxable","19":"purchasable","20":"product-type-simple"},"_links":{"self":[{"href":"https:\/\/talenti.hr\/index.php?rest_route=\/wp\/v2\/product\/3659","targetHints":{"allow":["GET"]}}],"collection":[{"href":"https:\/\/talenti.hr\/index.php?rest_route=\/wp\/v2\/product"}],"about":[{"href":"https:\/\/talenti.hr\/index.php?rest_route=\/wp\/v2\/types\/product"}],"replies":[{"embeddable":true,"href":"https:\/\/talenti.hr\/index.php?rest_route=%2Fwp%2Fv2%2Fcomments&post=3659"}],"wp:featuredmedia":[{"embeddable":true,"href":"https:\/\/talenti.hr\/index.php?rest_route=\/wp\/v2\/media\/3661"}],"wp:attachment":[{"href":"https:\/\/talenti.hr\/index.php?rest_route=%2Fwp%2Fv2%2Fmedia&parent=3659"}],"wp:term":[{"taxonomy":"product_brand","embeddable":true,"href":"https:\/\/talenti.hr\/index.php?rest_route=%2Fwp%2Fv2%2Fproduct_brand&post=3659"},{"taxonomy":"product_cat","embeddable":true,"href":"https:\/\/talenti.hr\/index.php?rest_route=%2Fwp%2Fv2%2Fproduct_cat&post=3659"},{"taxonomy":"product_tag","embeddable":true,"href":"https:\/\/talenti.hr\/index.php?rest_route=%2Fwp%2Fv2%2Fproduct_tag&post=3659"}],"curies":[{"name":"wp","href":"https:\/\/api.w.org\/{rel}","templated":true}]}}