{"id":3662,"date":"2020-05-06T11:51:54","date_gmt":"2020-05-06T09:51:54","guid":{"rendered":"https:\/\/talenti.hr\/?post_type=product&#038;p=3662"},"modified":"2020-05-09T13:04:04","modified_gmt":"2020-05-09T11:04:04","slug":"figure-frozen-ledeno-kraljevstvo-kristof","status":"publish","type":"product","link":"https:\/\/talenti.hr\/?product=figure-frozen-ledeno-kraljevstvo-kristof","title":{"rendered":"Figure Frozen ( Snje\u017eno kraljevstvo ) &#8211; Kri\u0161tof"},"content":{"rendered":"<p>Vrlo detaljno izra\u0111ena figura, a vi\u0161e sli\u010dnih\u00a0 mo\u017eete prona\u0107i\u00a0 <a href=\"http:\/\/www.bullyland.de\/index.php?id=772&amp;L=1\" target=\"_blank\" rel=\"noopener noreferrer\">OVDJE<\/a><\/p>\n<p>Upozorenje:Artikal nije za djecu do 3 godine starosti.Maleni dijelovi su opasni,jer ih mogu udahnuti ili progutati.Prije upotrebe odstranite ambala\u017eu,a ove informacije spremite za kasniju upotrebu.<\/p>\n","protected":false},"excerpt":{"rendered":"<ul>\n<li>Veli\u010dina: 11 cm<\/li>\n<li>Materijal: mje\u0161avina gume ( bez PVC-a )<\/li>\n<p> &#8230; <\/p>\n","protected":false},"featured_media":3664,"comment_status":"open","ping_status":"closed","template":"","meta":[],"product_brand":[],"product_cat":[160,165],"product_tag":[450,508,511,515,529],"class_list":{"0":"post-3662","1":"product","2":"type-product","3":"status-publish","4":"has-post-thumbnail","6":"product_cat-igracke","7":"product_cat-minijaturne-figure","8":"product_tag-figure","9":"product_tag-frozen","10":"product_tag-kraljevstvo","11":"product_tag-kristof","12":"product_tag-snjezno","14":"first","15":"instock","16":"taxable","17":"shipping-taxable","18":"purchasable","19":"product-type-simple"},"_links":{"self":[{"href":"https:\/\/talenti.hr\/index.php?rest_route=\/wp\/v2\/product\/3662","targetHints":{"allow":["GET"]}}],"collection":[{"href":"https:\/\/talenti.hr\/index.php?rest_route=\/wp\/v2\/product"}],"about":[{"href":"https:\/\/talenti.hr\/index.php?rest_route=\/wp\/v2\/types\/product"}],"replies":[{"embeddable":true,"href":"https:\/\/talenti.hr\/index.php?rest_route=%2Fwp%2Fv2%2Fcomments&post=3662"}],"wp:featuredmedia":[{"embeddable":true,"href":"https:\/\/talenti.hr\/index.php?rest_route=\/wp\/v2\/media\/3664"}],"wp:attachment":[{"href":"https:\/\/talenti.hr\/index.php?rest_route=%2Fwp%2Fv2%2Fmedia&parent=3662"}],"wp:term":[{"taxonomy":"product_brand","embeddable":true,"href":"https:\/\/talenti.hr\/index.php?rest_route=%2Fwp%2Fv2%2Fproduct_brand&post=3662"},{"taxonomy":"product_cat","embeddable":true,"href":"https:\/\/talenti.hr\/index.php?rest_route=%2Fwp%2Fv2%2Fproduct_cat&post=3662"},{"taxonomy":"product_tag","embeddable":true,"href":"https:\/\/talenti.hr\/index.php?rest_route=%2Fwp%2Fv2%2Fproduct_tag&post=3662"}],"curies":[{"name":"wp","href":"https:\/\/api.w.org\/{rel}","templated":true}]}}