{"id":3708,"date":"2020-05-06T16:34:34","date_gmt":"2020-05-06T14:34:34","guid":{"rendered":"https:\/\/talenti.hr\/?post_type=product&#038;p=3708"},"modified":"2020-05-09T12:47:21","modified_gmt":"2020-05-09T10:47:21","slug":"figure-masa-i-medvjed-masa","status":"publish","type":"product","link":"https:\/\/talenti.hr\/?product=figure-masa-i-medvjed-masa","title":{"rendered":"Figure Ma\u0161a i medvjed &#8211; Ma\u0161a"},"content":{"rendered":"<p>Vrlo detaljno izra\u0111ene figure,a vi\u0161e sli\u010dnih mo\u017eete prona\u0107i <a href=\"http:\/\/www.comansi.com\/home\/es\/16-comansi\" target=\"_blank\" rel=\"noopener noreferrer\">OVDJE<\/a><\/p>\n<p>Upozorenje:Artikal nije za djecu do 3 godine starosti.Maleni dijelovi su opasni,jer ih mogu udahnuti ili progutati.Prije upotrebe odstranite ambala\u017eu,a ove informacije spremite za kasniju upotrebu.<\/p>\n","protected":false},"excerpt":{"rendered":"<ul>\n<li>Veli\u010dina: 6 cm<\/li>\n<li>Mje\u0161avina gume ( bez PVC-a )<\/li>\n<li>Proizvo\u0111a\u010d: &#8230;<br \/>\n","protected":false},"featured_media":3710,"comment_status":"open","ping_status":"closed","template":"","meta":[],"product_brand":[],"product_cat":[160,165],"product_tag":[540,450,537,538],"class_list":{"0":"post-3708","1":"product","2":"type-product","3":"status-publish","4":"has-post-thumbnail","6":"product_cat-igracke","7":"product_cat-minijaturne-figure","8":"product_tag-comansi","9":"product_tag-figure","10":"product_tag-masa","11":"product_tag-medvjed","13":"first","14":"instock","15":"taxable","16":"shipping-taxable","17":"purchasable","18":"product-type-simple"},"_links":{"self":[{"href":"https:\/\/talenti.hr\/index.php?rest_route=\/wp\/v2\/product\/3708","targetHints":{"allow":["GET"]}}],"collection":[{"href":"https:\/\/talenti.hr\/index.php?rest_route=\/wp\/v2\/product"}],"about":[{"href":"https:\/\/talenti.hr\/index.php?rest_route=\/wp\/v2\/types\/product"}],"replies":[{"embeddable":true,"href":"https:\/\/talenti.hr\/index.php?rest_route=%2Fwp%2Fv2%2Fcomments&post=3708"}],"wp:featuredmedia":[{"embeddable":true,"href":"https:\/\/talenti.hr\/index.php?rest_route=\/wp\/v2\/media\/3710"}],"wp:attachment":[{"href":"https:\/\/talenti.hr\/index.php?rest_route=%2Fwp%2Fv2%2Fmedia&parent=3708"}],"wp:term":[{"taxonomy":"product_brand","embeddable":true,"href":"https:\/\/talenti.hr\/index.php?rest_route=%2Fwp%2Fv2%2Fproduct_brand&post=3708"},{"taxonomy":"product_cat","embeddable":true,"href":"https:\/\/talenti.hr\/index.php?rest_route=%2Fwp%2Fv2%2Fproduct_cat&post=3708"},{"taxonomy":"product_tag","embeddable":true,"href":"https:\/\/talenti.hr\/index.php?rest_route=%2Fwp%2Fv2%2Fproduct_tag&post=3708"}],"curies":[{"name":"wp","href":"https:\/\/api.w.org\/{rel}","templated":true}]}}