{"id":3720,"date":"2020-05-06T16:58:58","date_gmt":"2020-05-06T14:58:58","guid":{"rendered":"https:\/\/talenti.hr\/?post_type=product&#038;p=3720"},"modified":"2020-05-09T12:43:06","modified_gmt":"2020-05-09T10:43:06","slug":"spuzva-bob-skockani","status":"publish","type":"product","link":"https:\/\/talenti.hr\/?product=spuzva-bob-skockani","title":{"rendered":"Figure Spu\u017eva Bob skockani"},"content":{"rendered":"<p>Vrlo detaljno izra\u0111ena figura,a vi\u0161e sli\u010dnih mo\u017eete pogledati <a href=\"http:\/\/www.comansi.com\/home\/es\/16-comansi\" target=\"_blank\" rel=\"noopener noreferrer\">OVDJE<\/a><\/p>\n<p>Upozorenje:Artikal nije za djecu do 3 godine starosti.Maleni dijelovi su opasni,jer ih mogu udahnuti ili progutati.Prije upotrebe odstranite ambala\u017eu,a ove informacije spremite za kasniju upotrebu.<\/p>\n","protected":false},"excerpt":{"rendered":"<div class=\"woocommerce-product-details__short-description\">\n<div class=\"woocommerce-product-details__short-description\">\n<ul>\n<li>Veli\u010dina: 11 cm<\/li>\n<li>Mje\u0161avina gume ( &#8230;<br \/>\n","protected":false},"featured_media":3723,"comment_status":"open","ping_status":"closed","template":"","meta":[],"product_brand":[],"product_cat":[160,165],"product_tag":[543,540,544,542],"class_list":{"0":"post-3720","1":"product","2":"type-product","3":"status-publish","4":"has-post-thumbnail","6":"product_cat-igracke","7":"product_cat-minijaturne-figure","8":"product_tag-bob","9":"product_tag-comansi","10":"product_tag-skockani","11":"product_tag-spuzva","13":"first","14":"instock","15":"taxable","16":"shipping-taxable","17":"purchasable","18":"product-type-simple"},"_links":{"self":[{"href":"https:\/\/talenti.hr\/index.php?rest_route=\/wp\/v2\/product\/3720","targetHints":{"allow":["GET"]}}],"collection":[{"href":"https:\/\/talenti.hr\/index.php?rest_route=\/wp\/v2\/product"}],"about":[{"href":"https:\/\/talenti.hr\/index.php?rest_route=\/wp\/v2\/types\/product"}],"replies":[{"embeddable":true,"href":"https:\/\/talenti.hr\/index.php?rest_route=%2Fwp%2Fv2%2Fcomments&post=3720"}],"wp:featuredmedia":[{"embeddable":true,"href":"https:\/\/talenti.hr\/index.php?rest_route=\/wp\/v2\/media\/3723"}],"wp:attachment":[{"href":"https:\/\/talenti.hr\/index.php?rest_route=%2Fwp%2Fv2%2Fmedia&parent=3720"}],"wp:term":[{"taxonomy":"product_brand","embeddable":true,"href":"https:\/\/talenti.hr\/index.php?rest_route=%2Fwp%2Fv2%2Fproduct_brand&post=3720"},{"taxonomy":"product_cat","embeddable":true,"href":"https:\/\/talenti.hr\/index.php?rest_route=%2Fwp%2Fv2%2Fproduct_cat&post=3720"},{"taxonomy":"product_tag","embeddable":true,"href":"https:\/\/talenti.hr\/index.php?rest_route=%2Fwp%2Fv2%2Fproduct_tag&post=3720"}],"curies":[{"name":"wp","href":"https:\/\/api.w.org\/{rel}","templated":true}]}}