{"id":3725,"date":"2020-05-06T17:05:21","date_gmt":"2020-05-06T15:05:21","guid":{"rendered":"https:\/\/talenti.hr\/?post_type=product&#038;p=3725"},"modified":"2020-05-09T12:42:12","modified_gmt":"2020-05-09T10:42:12","slug":"figure-spuzva-bob-skockani-morska-zvijezda-patrik","status":"publish","type":"product","link":"https:\/\/talenti.hr\/?product=figure-spuzva-bob-skockani-morska-zvijezda-patrik","title":{"rendered":"Figure Spu\u017eva Bob skockani &#8211; morska zvijezda Patrik"},"content":{"rendered":"<p>Vrlo detaljno izra\u0111ena figura,a vi\u0161e sli\u010dnih mo\u017eete pogledati <a href=\"http:\/\/www.comansi.com\/home\/es\/16-comansi\" target=\"_blank\" rel=\"noopener noreferrer\">OVDJE<\/a><\/p>\n<p>Upozorenje:Artikal nije za djecu do 3 godine starosti.Maleni dijelovi su opasni,jer ih mogu udahnuti ili progutati.Prije upotrebe odstranite ambala\u017eu,a ove informacije spremite za kasniju upotrebu.<\/p>\n","protected":false},"excerpt":{"rendered":"<div class=\"woocommerce-product-details__short-description\">\n<div class=\"woocommerce-product-details__short-description\">\n<div class=\"woocommerce-product-details__short-description\">\n<ul>\n<li>Veli\u010dina: 8,5 cm<\/li>\n<li>Mje\u0161avina &#8230;<br \/>\n","protected":false},"featured_media":3727,"comment_status":"open","ping_status":"closed","template":"","meta":[],"product_brand":[],"product_cat":[160,165],"product_tag":[543,540,450,545,547,544,542,546],"class_list":{"0":"post-3725","1":"product","2":"type-product","3":"status-publish","4":"has-post-thumbnail","6":"product_cat-igracke","7":"product_cat-minijaturne-figure","8":"product_tag-bob","9":"product_tag-comansi","10":"product_tag-figure","11":"product_tag-morska","12":"product_tag-patrik","13":"product_tag-skockani","14":"product_tag-spuzva","15":"product_tag-zvijezda","17":"first","18":"instock","19":"taxable","20":"shipping-taxable","21":"purchasable","22":"product-type-simple"},"_links":{"self":[{"href":"https:\/\/talenti.hr\/index.php?rest_route=\/wp\/v2\/product\/3725","targetHints":{"allow":["GET"]}}],"collection":[{"href":"https:\/\/talenti.hr\/index.php?rest_route=\/wp\/v2\/product"}],"about":[{"href":"https:\/\/talenti.hr\/index.php?rest_route=\/wp\/v2\/types\/product"}],"replies":[{"embeddable":true,"href":"https:\/\/talenti.hr\/index.php?rest_route=%2Fwp%2Fv2%2Fcomments&post=3725"}],"wp:featuredmedia":[{"embeddable":true,"href":"https:\/\/talenti.hr\/index.php?rest_route=\/wp\/v2\/media\/3727"}],"wp:attachment":[{"href":"https:\/\/talenti.hr\/index.php?rest_route=%2Fwp%2Fv2%2Fmedia&parent=3725"}],"wp:term":[{"taxonomy":"product_brand","embeddable":true,"href":"https:\/\/talenti.hr\/index.php?rest_route=%2Fwp%2Fv2%2Fproduct_brand&post=3725"},{"taxonomy":"product_cat","embeddable":true,"href":"https:\/\/talenti.hr\/index.php?rest_route=%2Fwp%2Fv2%2Fproduct_cat&post=3725"},{"taxonomy":"product_tag","embeddable":true,"href":"https:\/\/talenti.hr\/index.php?rest_route=%2Fwp%2Fv2%2Fproduct_tag&post=3725"}],"curies":[{"name":"wp","href":"https:\/\/api.w.org\/{rel}","templated":true}]}}