{"id":3728,"date":"2020-05-06T17:09:25","date_gmt":"2020-05-06T15:09:25","guid":{"rendered":"https:\/\/talenti.hr\/?post_type=product&#038;p=3728"},"modified":"2020-05-09T12:40:57","modified_gmt":"2020-05-09T10:40:57","slug":"figure-spuzva-bob-skockani-gospodin-rakar","status":"publish","type":"product","link":"https:\/\/talenti.hr\/?product=figure-spuzva-bob-skockani-gospodin-rakar","title":{"rendered":"Figure Spu\u017eva Bob skockani &#8211; gospodin Rakar"},"content":{"rendered":"<p>Vrlo detaljno izra\u0111ena figura,a vi\u0161e sli\u010dnih mo\u017eete pogledati <a href=\"http:\/\/www.comansi.com\/home\/es\/16-comansi\" target=\"_blank\" rel=\"noopener noreferrer\">OVDJE\u00a0<\/a><\/p>\n<p>Upozorenje:Artikal nije za djecu do 3 godine starosti.Maleni dijelovi su opasni,jer ih mogu udahnuti ili progutati.Prije upotrebe odstranite ambala\u017eu,a ove informacije spremite za kasniju upotrebu.<\/p>\n","protected":false},"excerpt":{"rendered":"<div class=\"woocommerce-product-details__short-description\">\n<div class=\"woocommerce-product-details__short-description\">\n<div class=\"woocommerce-product-details__short-description\">\n<ul>\n<li>Veli\u010dina: 7,5 cm<\/li>\n<li>Mje\u0161avina &#8230;<br \/>\n","protected":false},"featured_media":3730,"comment_status":"open","ping_status":"closed","template":"","meta":[],"product_brand":[],"product_cat":[160,165],"product_tag":[543,540,450,548,549,544,542],"class_list":{"0":"post-3728","1":"product","2":"type-product","3":"status-publish","4":"has-post-thumbnail","6":"product_cat-igracke","7":"product_cat-minijaturne-figure","8":"product_tag-bob","9":"product_tag-comansi","10":"product_tag-figure","11":"product_tag-gospodin","12":"product_tag-rakar","13":"product_tag-skockani","14":"product_tag-spuzva","16":"first","17":"instock","18":"taxable","19":"shipping-taxable","20":"purchasable","21":"product-type-simple"},"_links":{"self":[{"href":"https:\/\/talenti.hr\/index.php?rest_route=\/wp\/v2\/product\/3728","targetHints":{"allow":["GET"]}}],"collection":[{"href":"https:\/\/talenti.hr\/index.php?rest_route=\/wp\/v2\/product"}],"about":[{"href":"https:\/\/talenti.hr\/index.php?rest_route=\/wp\/v2\/types\/product"}],"replies":[{"embeddable":true,"href":"https:\/\/talenti.hr\/index.php?rest_route=%2Fwp%2Fv2%2Fcomments&post=3728"}],"wp:featuredmedia":[{"embeddable":true,"href":"https:\/\/talenti.hr\/index.php?rest_route=\/wp\/v2\/media\/3730"}],"wp:attachment":[{"href":"https:\/\/talenti.hr\/index.php?rest_route=%2Fwp%2Fv2%2Fmedia&parent=3728"}],"wp:term":[{"taxonomy":"product_brand","embeddable":true,"href":"https:\/\/talenti.hr\/index.php?rest_route=%2Fwp%2Fv2%2Fproduct_brand&post=3728"},{"taxonomy":"product_cat","embeddable":true,"href":"https:\/\/talenti.hr\/index.php?rest_route=%2Fwp%2Fv2%2Fproduct_cat&post=3728"},{"taxonomy":"product_tag","embeddable":true,"href":"https:\/\/talenti.hr\/index.php?rest_route=%2Fwp%2Fv2%2Fproduct_tag&post=3728"}],"curies":[{"name":"wp","href":"https:\/\/api.w.org\/{rel}","templated":true}]}}