{"id":3783,"date":"2020-05-09T13:50:55","date_gmt":"2020-05-09T11:50:55","guid":{"rendered":"https:\/\/talenti.hr\/?post_type=product&#038;p=3783"},"modified":"2020-05-12T11:55:46","modified_gmt":"2020-05-12T09:55:46","slug":"bilibo","status":"publish","type":"product","link":"https:\/\/talenti.hr\/?product=bilibo","title":{"rendered":"Bilibo"},"content":{"rendered":"<p>Bilibo je oblikovan u opse\u017enoj studiji na\u010dina dje\u010dje igre.Zapanjuju\u0107e je jednostavan i nema pravoga cilja osim poticanja ma\u0161te.Mo\u017ee poslu\u017eiti kao kaciga,lopata,posuda za vodu,u njega se mo\u017ee sjesti i vrtiti ili ljuljati,kao tunel za vlak,krevet za lutke i mnogo drugih stvari.Skoro je neuni\u0161tiv pa se mo\u017ee koristiti u zatvorenom i otvorenom prostoru.<\/p>\n<p>Igra\u010dka je primjerena za djecu stariju od 24 mjeseca.Prije upotrebe skinite ambala\u017eu.Ove informacije spremite za kasniju upotrebu.<\/p>\n","protected":false},"excerpt":{"rendered":"<ul>\n<li>Boje: crvena,\u017euta,naran\u010dasta,plava<\/li>\n<li>Rok isporuke: 5-7 dana<\/li>\n<li>Proizvo\u0111a\u010d: Active People<\/li>\n<\/ul>\n<p> &#8230; <\/p>\n","protected":false},"featured_media":3785,"comment_status":"open","ping_status":"closed","template":"","meta":[],"product_brand":[],"product_cat":[161,160],"product_tag":[622,571],"class_list":{"0":"post-3783","1":"product","2":"type-product","3":"status-publish","4":"has-post-thumbnail","6":"product_cat-didakticne-poucne-igracke","7":"product_cat-igracke","8":"product_tag-active-people","9":"product_tag-bilibo","11":"first","12":"instock","13":"taxable","14":"shipping-taxable","15":"purchasable","16":"product-type-simple"},"_links":{"self":[{"href":"https:\/\/talenti.hr\/index.php?rest_route=\/wp\/v2\/product\/3783","targetHints":{"allow":["GET"]}}],"collection":[{"href":"https:\/\/talenti.hr\/index.php?rest_route=\/wp\/v2\/product"}],"about":[{"href":"https:\/\/talenti.hr\/index.php?rest_route=\/wp\/v2\/types\/product"}],"replies":[{"embeddable":true,"href":"https:\/\/talenti.hr\/index.php?rest_route=%2Fwp%2Fv2%2Fcomments&post=3783"}],"wp:featuredmedia":[{"embeddable":true,"href":"https:\/\/talenti.hr\/index.php?rest_route=\/wp\/v2\/media\/3785"}],"wp:attachment":[{"href":"https:\/\/talenti.hr\/index.php?rest_route=%2Fwp%2Fv2%2Fmedia&parent=3783"}],"wp:term":[{"taxonomy":"product_brand","embeddable":true,"href":"https:\/\/talenti.hr\/index.php?rest_route=%2Fwp%2Fv2%2Fproduct_brand&post=3783"},{"taxonomy":"product_cat","embeddable":true,"href":"https:\/\/talenti.hr\/index.php?rest_route=%2Fwp%2Fv2%2Fproduct_cat&post=3783"},{"taxonomy":"product_tag","embeddable":true,"href":"https:\/\/talenti.hr\/index.php?rest_route=%2Fwp%2Fv2%2Fproduct_tag&post=3783"}],"curies":[{"name":"wp","href":"https:\/\/api.w.org\/{rel}","templated":true}]}}