{"id":3806,"date":"2020-05-10T13:03:58","date_gmt":"2020-05-10T11:03:58","guid":{"rendered":"https:\/\/talenti.hr\/?post_type=product&#038;p=3806"},"modified":"2020-05-10T13:03:58","modified_gmt":"2020-05-10T11:03:58","slug":"magnetska-knjiga-oblika","status":"publish","type":"product","link":"https:\/\/talenti.hr\/?product=magnetska-knjiga-oblika","title":{"rendered":"Magnetska knjiga oblika"},"content":{"rendered":"<p>Komplet se sastoji od 43 magneta razli\u010ditih oblika i 30 kartica s podlogama.Mogu se sastavljati oblici po predlo\u0161cima ili upotrebiti kreativnost i sastavljati vlastite motive.Poslije igre magneti se mogu spremiti na sigurno u kutiju.Ovo je odli\u010dna igra\u010dka za na putovanje.Preporu\u010duje se djeci starijoj od 3 godine.<\/p>\n<p>Upozorenje:Artikal nije za djecu do 3 godine starosti.Maleni dijelovi su opasni,jer ih mogu udahnuti ili progutati.Prije upotrebe odstranite ambala\u017eu,a ove informacije spremite za kasniju upotrebu.<\/p>\n","protected":false},"excerpt":{"rendered":"<ul>\n<li>Veli\u010dina knjige: 28 x 19 x 4 cm<\/li>\n<li>Rok isporuke: &#8230;<br \/>\n","protected":false},"featured_media":3808,"comment_status":"open","ping_status":"closed","template":"","meta":[],"product_brand":[],"product_cat":[161,160],"product_tag":[462,248,578,587],"class_list":{"0":"post-3806","1":"product","2":"type-product","3":"status-publish","4":"has-post-thumbnail","6":"product_cat-didakticne-poucne-igracke","7":"product_cat-igracke","8":"product_tag-janod","9":"product_tag-knjiga","10":"product_tag-magnetska","11":"product_tag-oblici","13":"first","14":"instock","15":"taxable","16":"shipping-taxable","17":"purchasable","18":"product-type-simple"},"_links":{"self":[{"href":"https:\/\/talenti.hr\/index.php?rest_route=\/wp\/v2\/product\/3806","targetHints":{"allow":["GET"]}}],"collection":[{"href":"https:\/\/talenti.hr\/index.php?rest_route=\/wp\/v2\/product"}],"about":[{"href":"https:\/\/talenti.hr\/index.php?rest_route=\/wp\/v2\/types\/product"}],"replies":[{"embeddable":true,"href":"https:\/\/talenti.hr\/index.php?rest_route=%2Fwp%2Fv2%2Fcomments&post=3806"}],"wp:featuredmedia":[{"embeddable":true,"href":"https:\/\/talenti.hr\/index.php?rest_route=\/wp\/v2\/media\/3808"}],"wp:attachment":[{"href":"https:\/\/talenti.hr\/index.php?rest_route=%2Fwp%2Fv2%2Fmedia&parent=3806"}],"wp:term":[{"taxonomy":"product_brand","embeddable":true,"href":"https:\/\/talenti.hr\/index.php?rest_route=%2Fwp%2Fv2%2Fproduct_brand&post=3806"},{"taxonomy":"product_cat","embeddable":true,"href":"https:\/\/talenti.hr\/index.php?rest_route=%2Fwp%2Fv2%2Fproduct_cat&post=3806"},{"taxonomy":"product_tag","embeddable":true,"href":"https:\/\/talenti.hr\/index.php?rest_route=%2Fwp%2Fv2%2Fproduct_tag&post=3806"}],"curies":[{"name":"wp","href":"https:\/\/api.w.org\/{rel}","templated":true}]}}