{"id":3858,"date":"2020-05-11T14:19:36","date_gmt":"2020-05-11T12:19:36","guid":{"rendered":"https:\/\/talenti.hr\/?post_type=product&#038;p=3858"},"modified":"2020-05-11T14:19:37","modified_gmt":"2020-05-11T12:19:37","slug":"drvena-slagalica-domace-zivotinje","status":"publish","type":"product","link":"https:\/\/talenti.hr\/?product=drvena-slagalica-domace-zivotinje","title":{"rendered":"Drvena slagalica-doma\u0107e \u017eivotinje"},"content":{"rendered":"<p>\u010cvrsta drvena slagalica ima 7 drvenih figurica sa slikama \u0161umskih \u017eivotinja ima mnogo elemenata igre,ali i pou\u010dnih vrijednosti.Svaka drvena \u017eivotinjica je deblja i vi\u0161a od osnovne plo\u010de pa ih djeca lako uhvate i mi\u010du,a mogu i samostalno stajati i bez plo\u010de na ravnoj podlozi pa omogu\u0107uju igru i bez plo\u010de.Mogu poslu\u017eiti i kao predlo\u017eak za crtanje.Pod svakim komadom slagalice je polje jednake boje kao i odgovaraju\u0107a \u017eivotinjica pa dijete lak\u0161e na\u0111e pravo mjesto.<\/p>\n<p>Primjereno za djecu od 18 mjeseci navi\u0161e.<\/p>\n","protected":false},"excerpt":{"rendered":"<div class=\"woocommerce-product-details__short-description\">\n<ul>\n<li>Veli\u010dina slagalice: 30 x 21 x 2,1 cm<\/li>\n<p> &#8230; <\/p>\n","protected":false},"featured_media":3860,"comment_status":"open","ping_status":"closed","template":"","meta":[],"product_brand":[],"product_cat":[161,160],"product_tag":[608,601,462,592,575],"class_list":{"0":"post-3858","1":"product","2":"type-product","3":"status-publish","4":"has-post-thumbnail","6":"product_cat-didakticne-poucne-igracke","7":"product_cat-igracke","8":"product_tag-domace","9":"product_tag-drvena","10":"product_tag-janod","11":"product_tag-slagalica","12":"product_tag-zivotinje","14":"first","15":"instock","16":"taxable","17":"shipping-taxable","18":"purchasable","19":"product-type-simple"},"_links":{"self":[{"href":"https:\/\/talenti.hr\/index.php?rest_route=\/wp\/v2\/product\/3858","targetHints":{"allow":["GET"]}}],"collection":[{"href":"https:\/\/talenti.hr\/index.php?rest_route=\/wp\/v2\/product"}],"about":[{"href":"https:\/\/talenti.hr\/index.php?rest_route=\/wp\/v2\/types\/product"}],"replies":[{"embeddable":true,"href":"https:\/\/talenti.hr\/index.php?rest_route=%2Fwp%2Fv2%2Fcomments&post=3858"}],"wp:featuredmedia":[{"embeddable":true,"href":"https:\/\/talenti.hr\/index.php?rest_route=\/wp\/v2\/media\/3860"}],"wp:attachment":[{"href":"https:\/\/talenti.hr\/index.php?rest_route=%2Fwp%2Fv2%2Fmedia&parent=3858"}],"wp:term":[{"taxonomy":"product_brand","embeddable":true,"href":"https:\/\/talenti.hr\/index.php?rest_route=%2Fwp%2Fv2%2Fproduct_brand&post=3858"},{"taxonomy":"product_cat","embeddable":true,"href":"https:\/\/talenti.hr\/index.php?rest_route=%2Fwp%2Fv2%2Fproduct_cat&post=3858"},{"taxonomy":"product_tag","embeddable":true,"href":"https:\/\/talenti.hr\/index.php?rest_route=%2Fwp%2Fv2%2Fproduct_tag&post=3858"}],"curies":[{"name":"wp","href":"https:\/\/api.w.org\/{rel}","templated":true}]}}