{"id":3868,"date":"2020-05-11T15:00:47","date_gmt":"2020-05-11T13:00:47","guid":{"rendered":"https:\/\/talenti.hr\/?post_type=product&#038;p=3868"},"modified":"2020-05-11T15:00:48","modified_gmt":"2020-05-11T13:00:48","slug":"trodjelne-slagalice-puzzle-triocolor","status":"publish","type":"product","link":"https:\/\/talenti.hr\/?product=trodjelne-slagalice-puzzle-triocolor","title":{"rendered":"Trodjelne slagalice-Puzzle Triocolor"},"content":{"rendered":"<p>Prvo izaberemo boju,zatim \u017eivotinju iste boje i zaklju\u010dimo sa predmetom u toj boji.Igra je idealna za u\u010denje boja i poticanje opa\u017eanja i fine motorike.<\/p>\n<p>Primjereno za djecu od 3-6 godina.<\/p>\n","protected":false},"excerpt":{"rendered":"<ul>\n<li>Veli\u010dina pojedine slagalice: 21 x 7,5 cm<\/li>\n<li>Sadr\u017eaj: 10 mini &#8230;<br \/>\n","protected":false},"featured_media":3870,"comment_status":"open","ping_status":"closed","template":"","meta":[],"product_brand":[],"product_cat":[161,160],"product_tag":[462,593,592,614,613],"class_list":{"0":"post-3868","1":"product","2":"type-product","3":"status-publish","4":"has-post-thumbnail","6":"product_cat-didakticne-poucne-igracke","7":"product_cat-igracke","8":"product_tag-janod","9":"product_tag-puzzle","10":"product_tag-slagalica","11":"product_tag-triocolor","12":"product_tag-trodjelna","14":"first","15":"instock","16":"taxable","17":"shipping-taxable","18":"purchasable","19":"product-type-simple"},"_links":{"self":[{"href":"https:\/\/talenti.hr\/index.php?rest_route=\/wp\/v2\/product\/3868","targetHints":{"allow":["GET"]}}],"collection":[{"href":"https:\/\/talenti.hr\/index.php?rest_route=\/wp\/v2\/product"}],"about":[{"href":"https:\/\/talenti.hr\/index.php?rest_route=\/wp\/v2\/types\/product"}],"replies":[{"embeddable":true,"href":"https:\/\/talenti.hr\/index.php?rest_route=%2Fwp%2Fv2%2Fcomments&post=3868"}],"wp:featuredmedia":[{"embeddable":true,"href":"https:\/\/talenti.hr\/index.php?rest_route=\/wp\/v2\/media\/3870"}],"wp:attachment":[{"href":"https:\/\/talenti.hr\/index.php?rest_route=%2Fwp%2Fv2%2Fmedia&parent=3868"}],"wp:term":[{"taxonomy":"product_brand","embeddable":true,"href":"https:\/\/talenti.hr\/index.php?rest_route=%2Fwp%2Fv2%2Fproduct_brand&post=3868"},{"taxonomy":"product_cat","embeddable":true,"href":"https:\/\/talenti.hr\/index.php?rest_route=%2Fwp%2Fv2%2Fproduct_cat&post=3868"},{"taxonomy":"product_tag","embeddable":true,"href":"https:\/\/talenti.hr\/index.php?rest_route=%2Fwp%2Fv2%2Fproduct_tag&post=3868"}],"curies":[{"name":"wp","href":"https:\/\/api.w.org\/{rel}","templated":true}]}}