{"id":3875,"date":"2020-05-11T15:54:40","date_gmt":"2020-05-11T13:54:40","guid":{"rendered":"https:\/\/talenti.hr\/?post_type=product&#038;p=3875"},"modified":"2020-05-11T16:01:05","modified_gmt":"2020-05-11T14:01:05","slug":"set-za-vrtlarstvo","status":"publish","type":"product","link":"https:\/\/talenti.hr\/?product=set-za-vrtlarstvo","title":{"rendered":"Set za vrtlarstvo"},"content":{"rendered":"<p>Simpati\u010dan komplet za male vrtlare koji sadr\u017ei kantu za zalijevanje,lopaticu,grabljice i rukavice koje su rastezljive u zape\u0161\u0107u i primjerene za djecu od 3-6 godina.<\/p>\n<p>Upozorenje:artikal nije za djecu do 3 godine starosti,maleni dijelovi su opasni,jer ih mogu udahnuti ili progutati.<\/p>\n<p>&nbsp;<\/p>\n","protected":false},"excerpt":{"rendered":"<ul>\n<li>Materijal:metal,drvo,pamuk,poliester<\/li>\n<li>Mjere kante: 26,5 x 20 x 10,5 cm<\/li>\n<li>Te\u017eina &#8230;<br \/>\n","protected":false},"featured_media":3877,"comment_status":"open","ping_status":"closed","template":"","meta":[],"product_brand":[],"product_cat":[161,160],"product_tag":[462,276,615],"class_list":{"0":"post-3875","1":"product","2":"type-product","3":"status-publish","4":"has-post-thumbnail","6":"product_cat-didakticne-poucne-igracke","7":"product_cat-igracke","8":"product_tag-janod","9":"product_tag-set","10":"product_tag-vrtlarstvo","12":"first","13":"instock","14":"taxable","15":"shipping-taxable","16":"purchasable","17":"product-type-simple"},"_links":{"self":[{"href":"https:\/\/talenti.hr\/index.php?rest_route=\/wp\/v2\/product\/3875","targetHints":{"allow":["GET"]}}],"collection":[{"href":"https:\/\/talenti.hr\/index.php?rest_route=\/wp\/v2\/product"}],"about":[{"href":"https:\/\/talenti.hr\/index.php?rest_route=\/wp\/v2\/types\/product"}],"replies":[{"embeddable":true,"href":"https:\/\/talenti.hr\/index.php?rest_route=%2Fwp%2Fv2%2Fcomments&post=3875"}],"wp:featuredmedia":[{"embeddable":true,"href":"https:\/\/talenti.hr\/index.php?rest_route=\/wp\/v2\/media\/3877"}],"wp:attachment":[{"href":"https:\/\/talenti.hr\/index.php?rest_route=%2Fwp%2Fv2%2Fmedia&parent=3875"}],"wp:term":[{"taxonomy":"product_brand","embeddable":true,"href":"https:\/\/talenti.hr\/index.php?rest_route=%2Fwp%2Fv2%2Fproduct_brand&post=3875"},{"taxonomy":"product_cat","embeddable":true,"href":"https:\/\/talenti.hr\/index.php?rest_route=%2Fwp%2Fv2%2Fproduct_cat&post=3875"},{"taxonomy":"product_tag","embeddable":true,"href":"https:\/\/talenti.hr\/index.php?rest_route=%2Fwp%2Fv2%2Fproduct_tag&post=3875"}],"curies":[{"name":"wp","href":"https:\/\/api.w.org\/{rel}","templated":true}]}}