{"id":3892,"date":"2020-05-11T18:28:22","date_gmt":"2020-05-11T16:28:22","guid":{"rendered":"https:\/\/talenti.hr\/?post_type=product&#038;p=3892"},"modified":"2020-05-11T18:28:22","modified_gmt":"2020-05-11T16:28:22","slug":"drvena-slagalica-barbapapa","status":"publish","type":"product","link":"https:\/\/talenti.hr\/?product=drvena-slagalica-barbapapa","title":{"rendered":"Drvena slagalica Barbapapa"},"content":{"rendered":"<p>Retro drvena igra\u010dka sastavljena od 6 razli\u010ditih komada.Primjerena za djecu od 12c mjeseci navi\u0161e.<\/p>\n","protected":false},"excerpt":{"rendered":"<ul>\n<li>Rok isporuke: 5-7 dana<\/li>\n<li>Proizvo\u0111a\u010d: Vilac<\/li>\n<\/ul>\n<p> &#8230; <\/p>\n","protected":false},"featured_media":3894,"comment_status":"open","ping_status":"closed","template":"","meta":[],"product_brand":[],"product_cat":[161,160],"product_tag":[619,601,592,618],"class_list":{"0":"post-3892","1":"product","2":"type-product","3":"status-publish","4":"has-post-thumbnail","6":"product_cat-didakticne-poucne-igracke","7":"product_cat-igracke","8":"product_tag-barbapapa","9":"product_tag-drvena","10":"product_tag-slagalica","11":"product_tag-vilac","13":"first","14":"instock","15":"taxable","16":"shipping-taxable","17":"purchasable","18":"product-type-simple"},"_links":{"self":[{"href":"https:\/\/talenti.hr\/index.php?rest_route=\/wp\/v2\/product\/3892","targetHints":{"allow":["GET"]}}],"collection":[{"href":"https:\/\/talenti.hr\/index.php?rest_route=\/wp\/v2\/product"}],"about":[{"href":"https:\/\/talenti.hr\/index.php?rest_route=\/wp\/v2\/types\/product"}],"replies":[{"embeddable":true,"href":"https:\/\/talenti.hr\/index.php?rest_route=%2Fwp%2Fv2%2Fcomments&post=3892"}],"wp:featuredmedia":[{"embeddable":true,"href":"https:\/\/talenti.hr\/index.php?rest_route=\/wp\/v2\/media\/3894"}],"wp:attachment":[{"href":"https:\/\/talenti.hr\/index.php?rest_route=%2Fwp%2Fv2%2Fmedia&parent=3892"}],"wp:term":[{"taxonomy":"product_brand","embeddable":true,"href":"https:\/\/talenti.hr\/index.php?rest_route=%2Fwp%2Fv2%2Fproduct_brand&post=3892"},{"taxonomy":"product_cat","embeddable":true,"href":"https:\/\/talenti.hr\/index.php?rest_route=%2Fwp%2Fv2%2Fproduct_cat&post=3892"},{"taxonomy":"product_tag","embeddable":true,"href":"https:\/\/talenti.hr\/index.php?rest_route=%2Fwp%2Fv2%2Fproduct_tag&post=3892"}],"curies":[{"name":"wp","href":"https:\/\/api.w.org\/{rel}","templated":true}]}}