{"id":3912,"date":"2020-05-12T12:40:11","date_gmt":"2020-05-12T10:40:11","guid":{"rendered":"https:\/\/talenti.hr\/?post_type=product&#038;p=3912"},"modified":"2020-05-12T12:40:12","modified_gmt":"2020-05-12T10:40:12","slug":"karte-bicycle-standard","status":"publish","type":"product","link":"https:\/\/talenti.hr\/?product=karte-bicycle-standard","title":{"rendered":"Karte Bicycle Standard"},"content":{"rendered":"<p>Legendarne karte Bicycle izra\u0111uju se od 1885 godine i smatraju se jednima od najboljih na svijetu.Omiljene su me\u0111u profesionalnim igra\u010dima pokera i iluzionistima za izvo\u0111enje zahtjevnijih trikova.<\/p>\n","protected":false},"excerpt":{"rendered":"<ul>\n<li>Boja: crvena i plava<\/li>\n<li>Rok isporuke: 5-7 dana<\/li>\n<li>Proizvo\u0111a\u010d: Bicycle<\/li>\n<p> &#8230; <\/p>\n","protected":false},"featured_media":3914,"comment_status":"open","ping_status":"closed","template":"","meta":[],"product_brand":[],"product_cat":[182,180],"product_tag":[624,625,626,304],"class_list":{"0":"post-3912","1":"product","2":"type-product","3":"status-publish","4":"has-post-thumbnail","6":"product_cat-igrace-karte-bicycle","7":"product_cat-razno","8":"product_tag-bicycle","9":"product_tag-igrace","10":"product_tag-karte","11":"product_tag-standard","13":"first","14":"instock","15":"taxable","16":"shipping-taxable","17":"purchasable","18":"product-type-simple"},"_links":{"self":[{"href":"https:\/\/talenti.hr\/index.php?rest_route=\/wp\/v2\/product\/3912","targetHints":{"allow":["GET"]}}],"collection":[{"href":"https:\/\/talenti.hr\/index.php?rest_route=\/wp\/v2\/product"}],"about":[{"href":"https:\/\/talenti.hr\/index.php?rest_route=\/wp\/v2\/types\/product"}],"replies":[{"embeddable":true,"href":"https:\/\/talenti.hr\/index.php?rest_route=%2Fwp%2Fv2%2Fcomments&post=3912"}],"wp:featuredmedia":[{"embeddable":true,"href":"https:\/\/talenti.hr\/index.php?rest_route=\/wp\/v2\/media\/3914"}],"wp:attachment":[{"href":"https:\/\/talenti.hr\/index.php?rest_route=%2Fwp%2Fv2%2Fmedia&parent=3912"}],"wp:term":[{"taxonomy":"product_brand","embeddable":true,"href":"https:\/\/talenti.hr\/index.php?rest_route=%2Fwp%2Fv2%2Fproduct_brand&post=3912"},{"taxonomy":"product_cat","embeddable":true,"href":"https:\/\/talenti.hr\/index.php?rest_route=%2Fwp%2Fv2%2Fproduct_cat&post=3912"},{"taxonomy":"product_tag","embeddable":true,"href":"https:\/\/talenti.hr\/index.php?rest_route=%2Fwp%2Fv2%2Fproduct_tag&post=3912"}],"curies":[{"name":"wp","href":"https:\/\/api.w.org\/{rel}","templated":true}]}}