{"id":3928,"date":"2020-05-12T13:40:10","date_gmt":"2020-05-12T11:40:10","guid":{"rendered":"https:\/\/talenti.hr\/?post_type=product&#038;p=3928"},"modified":"2020-05-12T13:40:11","modified_gmt":"2020-05-12T11:40:11","slug":"karte-bicycle-pro-poker-peek","status":"publish","type":"product","link":"https:\/\/talenti.hr\/?product=karte-bicycle-pro-poker-peek","title":{"rendered":"Karte Bicycle Pro Poker Peek"},"content":{"rendered":"<p>Iskusi u\u017eitak igranja s jednima od najboljih igra\u0107ih karata na svijetu.Legendarne karte Bicycle koje se izra\u0111uju od 1885. godine vrlo su omiljene me\u0111u profesionalnim igra\u010dima pokera,a koriste ih i iluzionisti za izvo\u0111enje zahtjevnih trikova.<\/p>\n","protected":false},"excerpt":{"rendered":"<ul>\n<li>Rok isporuke: 5-7 dana<\/li>\n<li>Proizvo\u0111a\u010d: Bicycle<\/li>\n<\/ul>\n<p> &nbsp; &#8230; <\/p>\n","protected":false},"featured_media":3930,"comment_status":"open","ping_status":"closed","template":"","meta":[],"product_brand":[],"product_cat":[182,180],"product_tag":[624,625,626,636,635,325],"class_list":{"0":"post-3928","1":"product","2":"type-product","3":"status-publish","4":"has-post-thumbnail","6":"product_cat-igrace-karte-bicycle","7":"product_cat-razno","8":"product_tag-bicycle","9":"product_tag-igrace","10":"product_tag-karte","11":"product_tag-peek","12":"product_tag-poker","13":"product_tag-pro","15":"first","16":"instock","17":"taxable","18":"shipping-taxable","19":"purchasable","20":"product-type-simple"},"_links":{"self":[{"href":"https:\/\/talenti.hr\/index.php?rest_route=\/wp\/v2\/product\/3928","targetHints":{"allow":["GET"]}}],"collection":[{"href":"https:\/\/talenti.hr\/index.php?rest_route=\/wp\/v2\/product"}],"about":[{"href":"https:\/\/talenti.hr\/index.php?rest_route=\/wp\/v2\/types\/product"}],"replies":[{"embeddable":true,"href":"https:\/\/talenti.hr\/index.php?rest_route=%2Fwp%2Fv2%2Fcomments&post=3928"}],"wp:featuredmedia":[{"embeddable":true,"href":"https:\/\/talenti.hr\/index.php?rest_route=\/wp\/v2\/media\/3930"}],"wp:attachment":[{"href":"https:\/\/talenti.hr\/index.php?rest_route=%2Fwp%2Fv2%2Fmedia&parent=3928"}],"wp:term":[{"taxonomy":"product_brand","embeddable":true,"href":"https:\/\/talenti.hr\/index.php?rest_route=%2Fwp%2Fv2%2Fproduct_brand&post=3928"},{"taxonomy":"product_cat","embeddable":true,"href":"https:\/\/talenti.hr\/index.php?rest_route=%2Fwp%2Fv2%2Fproduct_cat&post=3928"},{"taxonomy":"product_tag","embeddable":true,"href":"https:\/\/talenti.hr\/index.php?rest_route=%2Fwp%2Fv2%2Fproduct_tag&post=3928"}],"curies":[{"name":"wp","href":"https:\/\/api.w.org\/{rel}","templated":true}]}}