{"id":3985,"date":"2020-05-12T18:46:47","date_gmt":"2020-05-12T16:46:47","guid":{"rendered":"https:\/\/talenti.hr\/?post_type=product&#038;p=3985"},"modified":"2020-05-12T18:59:42","modified_gmt":"2020-05-12T16:59:42","slug":"karte-bicycle-prestige-poker-rider-back","status":"publish","type":"product","link":"https:\/\/talenti.hr\/?product=karte-bicycle-prestige-poker-rider-back","title":{"rendered":"Karte Bicycle Prestige Poker Rider Back"},"content":{"rendered":"<p>Iskusi u\u017eitak igranja s jednima od najboljih igra\u0107ih karata na svijetu.Legendarne karte Bicycle koje se izra\u0111uju od 1885. godine vrlo su omiljene me\u0111u profesionalnim igra\u010dima pokera,a koriste ih i iluzionisti za izvo\u0111enje zahtjevnih trikova.<\/p>\n<p>Ove karte su potpuno presvu\u010dene plasti\u010dnom folijom pa su izuzetno izdr\u017eljive,a najvi\u0161e ih cijene igra\u010di Texas Hold*em pokera.<\/p>\n","protected":false},"excerpt":{"rendered":"<ul>\n<li>Boje: crvena i plava<\/li>\n<li>Rok isporuke: 5-7 dana<\/li>\n<li>Proizvo\u0111a\u010d; Bicycle<\/li>\n<p> &#8230; <\/p>\n","protected":false},"featured_media":3991,"comment_status":"open","ping_status":"closed","template":"","meta":[],"product_brand":[],"product_cat":[182,180],"product_tag":[624,625,626,656],"class_list":{"0":"post-3985","1":"product","2":"type-product","3":"status-publish","4":"has-post-thumbnail","6":"product_cat-igrace-karte-bicycle","7":"product_cat-razno","8":"product_tag-bicycle","9":"product_tag-igrace","10":"product_tag-karte","11":"product_tag-prestige-poker-rider-back","13":"first","14":"instock","15":"taxable","16":"shipping-taxable","17":"purchasable","18":"product-type-simple"},"_links":{"self":[{"href":"https:\/\/talenti.hr\/index.php?rest_route=\/wp\/v2\/product\/3985","targetHints":{"allow":["GET"]}}],"collection":[{"href":"https:\/\/talenti.hr\/index.php?rest_route=\/wp\/v2\/product"}],"about":[{"href":"https:\/\/talenti.hr\/index.php?rest_route=\/wp\/v2\/types\/product"}],"replies":[{"embeddable":true,"href":"https:\/\/talenti.hr\/index.php?rest_route=%2Fwp%2Fv2%2Fcomments&post=3985"}],"wp:featuredmedia":[{"embeddable":true,"href":"https:\/\/talenti.hr\/index.php?rest_route=\/wp\/v2\/media\/3991"}],"wp:attachment":[{"href":"https:\/\/talenti.hr\/index.php?rest_route=%2Fwp%2Fv2%2Fmedia&parent=3985"}],"wp:term":[{"taxonomy":"product_brand","embeddable":true,"href":"https:\/\/talenti.hr\/index.php?rest_route=%2Fwp%2Fv2%2Fproduct_brand&post=3985"},{"taxonomy":"product_cat","embeddable":true,"href":"https:\/\/talenti.hr\/index.php?rest_route=%2Fwp%2Fv2%2Fproduct_cat&post=3985"},{"taxonomy":"product_tag","embeddable":true,"href":"https:\/\/talenti.hr\/index.php?rest_route=%2Fwp%2Fv2%2Fproduct_tag&post=3985"}],"curies":[{"name":"wp","href":"https:\/\/api.w.org\/{rel}","templated":true}]}}