{"id":4027,"date":"2020-05-13T16:39:35","date_gmt":"2020-05-13T14:39:35","guid":{"rendered":"https:\/\/talenti.hr\/?post_type=product&#038;p=4027"},"modified":"2020-05-13T16:41:25","modified_gmt":"2020-05-13T14:41:25","slug":"kravica","status":"publish","type":"product","link":"https:\/\/talenti.hr\/?product=kravica","title":{"rendered":"Kravica"},"content":{"rendered":"<p>Predivan zmaj velike stabilnosti \u0161to mu omogu\u0107uju 2 kra\u0107a i 1 dulji i \u0161iri rep.Izra\u0111en je od vrlo kvalitetnih materijala koji se upotrebljavaju kod najboljih akrobatskih zmajeva.Platno je kao za jedra ( materijal Ripstop poliester ).Konstrukciju \u010dine \u0161ipke od fiberglasa debljine 4 mm.Prilo\u017eena je nit od poliestera du\u017eine 25 m.<\/p>\n<p>Primjeren je za vjetrove od 2-5 Bft ( 6-38 Km\/h ) i djecu od 5 godina navi\u0161e,<\/p>\n","protected":false},"excerpt":{"rendered":"<ul>\n<li>Visina: 75 cm<\/li>\n<li>\u0160irina: 120 cm<\/li>\n<li>Rok isporuke: 5-7 dana<\/li>\n<p> &#8230; <\/p>\n","protected":false},"featured_media":4029,"comment_status":"open","ping_status":"closed","template":"","meta":[],"product_brand":[],"product_cat":[160,167],"product_tag":[389,665,669,242],"class_list":{"0":"post-4027","1":"product","2":"type-product","3":"status-publish","4":"has-post-thumbnail","6":"product_cat-igracke","7":"product_cat-zmajevi-za-djecu","8":"product_tag-djeca","9":"product_tag-hq-invento","10":"product_tag-kravica","11":"product_tag-zmaj","13":"first","14":"instock","15":"taxable","16":"shipping-taxable","17":"purchasable","18":"product-type-simple"},"_links":{"self":[{"href":"https:\/\/talenti.hr\/index.php?rest_route=\/wp\/v2\/product\/4027","targetHints":{"allow":["GET"]}}],"collection":[{"href":"https:\/\/talenti.hr\/index.php?rest_route=\/wp\/v2\/product"}],"about":[{"href":"https:\/\/talenti.hr\/index.php?rest_route=\/wp\/v2\/types\/product"}],"replies":[{"embeddable":true,"href":"https:\/\/talenti.hr\/index.php?rest_route=%2Fwp%2Fv2%2Fcomments&post=4027"}],"wp:featuredmedia":[{"embeddable":true,"href":"https:\/\/talenti.hr\/index.php?rest_route=\/wp\/v2\/media\/4029"}],"wp:attachment":[{"href":"https:\/\/talenti.hr\/index.php?rest_route=%2Fwp%2Fv2%2Fmedia&parent=4027"}],"wp:term":[{"taxonomy":"product_brand","embeddable":true,"href":"https:\/\/talenti.hr\/index.php?rest_route=%2Fwp%2Fv2%2Fproduct_brand&post=4027"},{"taxonomy":"product_cat","embeddable":true,"href":"https:\/\/talenti.hr\/index.php?rest_route=%2Fwp%2Fv2%2Fproduct_cat&post=4027"},{"taxonomy":"product_tag","embeddable":true,"href":"https:\/\/talenti.hr\/index.php?rest_route=%2Fwp%2Fv2%2Fproduct_tag&post=4027"}],"curies":[{"name":"wp","href":"https:\/\/api.w.org\/{rel}","templated":true}]}}