{"id":4062,"date":"2020-05-25T11:49:17","date_gmt":"2020-05-25T09:49:17","guid":{"rendered":"https:\/\/talenti.hr\/?post_type=product&#038;p=4062"},"modified":"2020-05-25T14:35:03","modified_gmt":"2020-05-25T12:35:03","slug":"tube-100-basic-mix","status":"publish","type":"product","link":"https:\/\/talenti.hr\/?product=tube-100-basic-mix","title":{"rendered":"Tube 100 Basic Mix"},"content":{"rendered":"<p>Sve konstrukcije se sla\u017eu od osnovnog oblika 2 plusa izra\u0111ena od plastike bez ftalata i BPA.Osmi\u0161ljeno je i proizvedeno u Danskoj.<\/p>\n<p>Primjereno za djecu od 5 do 12 godina.<\/p>\n<p>Upozorenje:ne preporu\u010duje se djeci mla\u0111oj od 3 godine !<\/p>\n","protected":false},"excerpt":{"rendered":"<ul>\n<li>Broj komada: 100<\/li>\n<li>Dimenzije kutije: 26 x 3,5 cm<\/li>\n<li>Rok &#8230;<br \/>\n","protected":false},"featured_media":4065,"comment_status":"open","ping_status":"closed","template":"","meta":[],"product_brand":[],"product_cat":[160,162],"product_tag":[194,686,687,685],"class_list":{"0":"post-4062","1":"product","2":"type-product","3":"status-publish","4":"has-post-thumbnail","6":"product_cat-igracke","7":"product_cat-konstrukcije-plus-plus","8":"product_tag-basic","9":"product_tag-mix","10":"product_tag-plus-plus","11":"product_tag-tube","13":"first","14":"instock","15":"taxable","16":"shipping-taxable","17":"purchasable","18":"product-type-simple"},"_links":{"self":[{"href":"https:\/\/talenti.hr\/index.php?rest_route=\/wp\/v2\/product\/4062","targetHints":{"allow":["GET"]}}],"collection":[{"href":"https:\/\/talenti.hr\/index.php?rest_route=\/wp\/v2\/product"}],"about":[{"href":"https:\/\/talenti.hr\/index.php?rest_route=\/wp\/v2\/types\/product"}],"replies":[{"embeddable":true,"href":"https:\/\/talenti.hr\/index.php?rest_route=%2Fwp%2Fv2%2Fcomments&post=4062"}],"wp:featuredmedia":[{"embeddable":true,"href":"https:\/\/talenti.hr\/index.php?rest_route=\/wp\/v2\/media\/4065"}],"wp:attachment":[{"href":"https:\/\/talenti.hr\/index.php?rest_route=%2Fwp%2Fv2%2Fmedia&parent=4062"}],"wp:term":[{"taxonomy":"product_brand","embeddable":true,"href":"https:\/\/talenti.hr\/index.php?rest_route=%2Fwp%2Fv2%2Fproduct_brand&post=4062"},{"taxonomy":"product_cat","embeddable":true,"href":"https:\/\/talenti.hr\/index.php?rest_route=%2Fwp%2Fv2%2Fproduct_cat&post=4062"},{"taxonomy":"product_tag","embeddable":true,"href":"https:\/\/talenti.hr\/index.php?rest_route=%2Fwp%2Fv2%2Fproduct_tag&post=4062"}],"curies":[{"name":"wp","href":"https:\/\/api.w.org\/{rel}","templated":true}]}}