{"id":4078,"date":"2020-05-25T13:20:49","date_gmt":"2020-05-25T11:20:49","guid":{"rendered":"https:\/\/talenti.hr\/?post_type=product&#038;p=4078"},"modified":"2020-05-25T14:26:50","modified_gmt":"2020-05-25T12:26:50","slug":"pas-i-macka","status":"publish","type":"product","link":"https:\/\/talenti.hr\/?product=pas-i-macka","title":{"rendered":"Pas i ma\u010dka"},"content":{"rendered":"<p>Sve konstrukcije se sla\u017eu od osnovnog oblika 2 plusa izra\u0111ena od plastike bez ftalata i BPA.Osmi\u0161ljeno je i proizvedeno u Danskoj.<\/p>\n<p>Primjereno za djecu od 5 do 12 godina.<\/p>\n<p>Upozorenje:ne preporu\u010duje se djeci mla\u0111oj od 3 godine !<\/p>\n","protected":false},"excerpt":{"rendered":"<ul>\n<li>Broj komada: 70<\/li>\n<li>Dimenzije kutije: 14 x 9 x 4,5 &#8230;<br \/>\n","protected":false},"featured_media":4080,"comment_status":"open","ping_status":"closed","template":"","meta":[],"product_brand":[],"product_cat":[160,162],"product_tag":[690,689,687],"class_list":{"0":"post-4078","1":"product","2":"type-product","3":"status-publish","4":"has-post-thumbnail","6":"product_cat-igracke","7":"product_cat-konstrukcije-plus-plus","8":"product_tag-macka","9":"product_tag-pas","10":"product_tag-plus-plus","12":"first","13":"instock","14":"taxable","15":"shipping-taxable","16":"purchasable","17":"product-type-simple"},"_links":{"self":[{"href":"https:\/\/talenti.hr\/index.php?rest_route=\/wp\/v2\/product\/4078","targetHints":{"allow":["GET"]}}],"collection":[{"href":"https:\/\/talenti.hr\/index.php?rest_route=\/wp\/v2\/product"}],"about":[{"href":"https:\/\/talenti.hr\/index.php?rest_route=\/wp\/v2\/types\/product"}],"replies":[{"embeddable":true,"href":"https:\/\/talenti.hr\/index.php?rest_route=%2Fwp%2Fv2%2Fcomments&post=4078"}],"wp:featuredmedia":[{"embeddable":true,"href":"https:\/\/talenti.hr\/index.php?rest_route=\/wp\/v2\/media\/4080"}],"wp:attachment":[{"href":"https:\/\/talenti.hr\/index.php?rest_route=%2Fwp%2Fv2%2Fmedia&parent=4078"}],"wp:term":[{"taxonomy":"product_brand","embeddable":true,"href":"https:\/\/talenti.hr\/index.php?rest_route=%2Fwp%2Fv2%2Fproduct_brand&post=4078"},{"taxonomy":"product_cat","embeddable":true,"href":"https:\/\/talenti.hr\/index.php?rest_route=%2Fwp%2Fv2%2Fproduct_cat&post=4078"},{"taxonomy":"product_tag","embeddable":true,"href":"https:\/\/talenti.hr\/index.php?rest_route=%2Fwp%2Fv2%2Fproduct_tag&post=4078"}],"curies":[{"name":"wp","href":"https:\/\/api.w.org\/{rel}","templated":true}]}}