{"id":4127,"date":"2020-05-25T15:57:10","date_gmt":"2020-05-25T13:57:10","guid":{"rendered":"https:\/\/talenti.hr\/?post_type=product&#038;p=4127"},"modified":"2020-05-25T18:38:00","modified_gmt":"2020-05-25T16:38:00","slug":"tvrdava-s-vitezovima","status":"publish","type":"product","link":"https:\/\/talenti.hr\/?product=tvrdava-s-vitezovima","title":{"rendered":"Tvr\u0111ava s vitezovima"},"content":{"rendered":"<p>Igra\u010dka koja se sastoji od vi\u0161e jednakih osnovnih dijelova plastike u obliku dva plusa iz kojih uz malo ma\u0161te mogu nastati \u0161aroliki mozaici ili kompleksne trodimenzionalne strukture.Uz njih u\u010di se matematika,boje,razvija se strpljenje i motori\u010dke vje\u0161tine.<br \/>\nProizvedeni su u Danskoj bez BPA plastike i ftalata.Proizvod i ambala\u017ea mogu se 100% reciklirati.<\/p>\n<p>Primjereni su za djecu od 5-12 godina.<br \/>\nNe preporu\u010duju se djeci mla\u0111oj od 3 godine.<\/p>\n","protected":false},"excerpt":{"rendered":"<ul>\n<li>Broj komada: 760<\/li>\n<li>Veli\u010dina kutije; 32,5 x 22,5 x 6 &#8230;<br \/>\n","protected":false},"featured_media":4129,"comment_status":"open","ping_status":"closed","template":"","meta":[],"product_brand":[],"product_cat":[160,162],"product_tag":[687,703,704],"class_list":{"0":"post-4127","1":"product","2":"type-product","3":"status-publish","4":"has-post-thumbnail","6":"product_cat-igracke","7":"product_cat-konstrukcije-plus-plus","8":"product_tag-plus-plus","9":"product_tag-tvrdava","10":"product_tag-vitezovi","12":"first","13":"instock","14":"taxable","15":"shipping-taxable","16":"purchasable","17":"product-type-simple"},"_links":{"self":[{"href":"https:\/\/talenti.hr\/index.php?rest_route=\/wp\/v2\/product\/4127","targetHints":{"allow":["GET"]}}],"collection":[{"href":"https:\/\/talenti.hr\/index.php?rest_route=\/wp\/v2\/product"}],"about":[{"href":"https:\/\/talenti.hr\/index.php?rest_route=\/wp\/v2\/types\/product"}],"replies":[{"embeddable":true,"href":"https:\/\/talenti.hr\/index.php?rest_route=%2Fwp%2Fv2%2Fcomments&post=4127"}],"wp:featuredmedia":[{"embeddable":true,"href":"https:\/\/talenti.hr\/index.php?rest_route=\/wp\/v2\/media\/4129"}],"wp:attachment":[{"href":"https:\/\/talenti.hr\/index.php?rest_route=%2Fwp%2Fv2%2Fmedia&parent=4127"}],"wp:term":[{"taxonomy":"product_brand","embeddable":true,"href":"https:\/\/talenti.hr\/index.php?rest_route=%2Fwp%2Fv2%2Fproduct_brand&post=4127"},{"taxonomy":"product_cat","embeddable":true,"href":"https:\/\/talenti.hr\/index.php?rest_route=%2Fwp%2Fv2%2Fproduct_cat&post=4127"},{"taxonomy":"product_tag","embeddable":true,"href":"https:\/\/talenti.hr\/index.php?rest_route=%2Fwp%2Fv2%2Fproduct_tag&post=4127"}],"curies":[{"name":"wp","href":"https:\/\/api.w.org\/{rel}","templated":true}]}}