{"id":4299,"date":"2020-07-25T10:46:47","date_gmt":"2020-07-25T08:46:47","guid":{"rendered":"https:\/\/talenti.hr\/?post_type=product&#038;p=4299"},"modified":"2020-08-05T10:37:22","modified_gmt":"2020-08-05T08:37:22","slug":"loptice-za-zongliranje-russian","status":"publish","type":"product","link":"https:\/\/talenti.hr\/?product=loptice-za-zongliranje-russian","title":{"rendered":"Loptice Russian"},"content":{"rendered":"<p>Loptice za \u017eongliranje za po\u010detnike i srednje napredne \u017eonglere.Kada padnu se ne otkotrljaju,stabilne su i na vjetru,funkcionalne isto kao i Beanbags,vrlo su izdr\u017eljive,peru se vodom i sapunom.<\/p>\n","protected":false},"excerpt":{"rendered":"<ul>\n<li>Cijena je za 1 komad!<\/li>\n<li>Promjer: 70 mm<\/li>\n<li>Te\u017eina: 90 &#8230;<br \/>\n","protected":false},"featured_media":4301,"comment_status":"open","ping_status":"closed","template":"","meta":[],"product_brand":[],"product_cat":[150,149],"product_tag":[195,200,742,237],"class_list":{"0":"post-4299","1":"product","2":"type-product","3":"status-publish","4":"has-post-thumbnail","6":"product_cat-beanbags-loptice","7":"product_cat-zongliranje","8":"product_tag-loptice","9":"product_tag-russian","10":"product_tag-za","11":"product_tag-zongliranje","13":"first","14":"instock","15":"sold-individually","16":"taxable","17":"shipping-taxable","18":"purchasable","19":"product-type-simple"},"_links":{"self":[{"href":"https:\/\/talenti.hr\/index.php?rest_route=\/wp\/v2\/product\/4299","targetHints":{"allow":["GET"]}}],"collection":[{"href":"https:\/\/talenti.hr\/index.php?rest_route=\/wp\/v2\/product"}],"about":[{"href":"https:\/\/talenti.hr\/index.php?rest_route=\/wp\/v2\/types\/product"}],"replies":[{"embeddable":true,"href":"https:\/\/talenti.hr\/index.php?rest_route=%2Fwp%2Fv2%2Fcomments&post=4299"}],"wp:featuredmedia":[{"embeddable":true,"href":"https:\/\/talenti.hr\/index.php?rest_route=\/wp\/v2\/media\/4301"}],"wp:attachment":[{"href":"https:\/\/talenti.hr\/index.php?rest_route=%2Fwp%2Fv2%2Fmedia&parent=4299"}],"wp:term":[{"taxonomy":"product_brand","embeddable":true,"href":"https:\/\/talenti.hr\/index.php?rest_route=%2Fwp%2Fv2%2Fproduct_brand&post=4299"},{"taxonomy":"product_cat","embeddable":true,"href":"https:\/\/talenti.hr\/index.php?rest_route=%2Fwp%2Fv2%2Fproduct_cat&post=4299"},{"taxonomy":"product_tag","embeddable":true,"href":"https:\/\/talenti.hr\/index.php?rest_route=%2Fwp%2Fv2%2Fproduct_tag&post=4299"}],"curies":[{"name":"wp","href":"https:\/\/api.w.org\/{rel}","templated":true}]}}