{"id":4303,"date":"2020-07-25T11:17:50","date_gmt":"2020-07-25T09:17:50","guid":{"rendered":"https:\/\/talenti.hr\/?post_type=product&#038;p=4303"},"modified":"2020-08-05T10:45:15","modified_gmt":"2020-08-05T08:45:15","slug":"loptice-za-zongliranje-russian-pro","status":"publish","type":"product","link":"https:\/\/talenti.hr\/?product=loptice-za-zongliranje-russian-pro","title":{"rendered":"Loptice Russian PRO"},"content":{"rendered":"<p>Loptice za \u017eongliranje napravljene u suradnji sa profesionalnim \u017eonglerima.Jako su izdr\u017eljive,podnose puno padova,ne gube oblik s vremenom,kada padnu ne otkotrljaju se.Povr\u0161ina nije potpuno glatka zbog boljeg hvata.Mjesto spoja nije previ\u0161e vidljivo.Vremenski uvjeti im ne smetaju kao npr.vlaga ili \u010dak morska voda.Peru se sapunom i vodom.Dobro podnose vjetar.Mo\u017ee se \u017eonglirati na bilo kojem mjestu i podlozi.Mogu se hvatati i sa potpuno otvorenim dlanom.<\/p>\n","protected":false},"excerpt":{"rendered":"<ul>\n<li>Cijena za 1 komad!<\/li>\n<li>Promjer: 60 mm<\/li>\n<li>Te\u017eina 60 g<\/li>\n<p> &#8230; <\/p>\n","protected":false},"featured_media":4309,"comment_status":"open","ping_status":"closed","template":"","meta":[],"product_brand":[],"product_cat":[150,149],"product_tag":[195,325,200,237],"class_list":{"0":"post-4303","1":"product","2":"type-product","3":"status-publish","4":"has-post-thumbnail","6":"product_cat-beanbags-loptice","7":"product_cat-zongliranje","8":"product_tag-loptice","9":"product_tag-pro","10":"product_tag-russian","11":"product_tag-zongliranje","13":"first","14":"instock","15":"sold-individually","16":"taxable","17":"shipping-taxable","18":"purchasable","19":"product-type-simple"},"_links":{"self":[{"href":"https:\/\/talenti.hr\/index.php?rest_route=\/wp\/v2\/product\/4303","targetHints":{"allow":["GET"]}}],"collection":[{"href":"https:\/\/talenti.hr\/index.php?rest_route=\/wp\/v2\/product"}],"about":[{"href":"https:\/\/talenti.hr\/index.php?rest_route=\/wp\/v2\/types\/product"}],"replies":[{"embeddable":true,"href":"https:\/\/talenti.hr\/index.php?rest_route=%2Fwp%2Fv2%2Fcomments&post=4303"}],"wp:featuredmedia":[{"embeddable":true,"href":"https:\/\/talenti.hr\/index.php?rest_route=\/wp\/v2\/media\/4309"}],"wp:attachment":[{"href":"https:\/\/talenti.hr\/index.php?rest_route=%2Fwp%2Fv2%2Fmedia&parent=4303"}],"wp:term":[{"taxonomy":"product_brand","embeddable":true,"href":"https:\/\/talenti.hr\/index.php?rest_route=%2Fwp%2Fv2%2Fproduct_brand&post=4303"},{"taxonomy":"product_cat","embeddable":true,"href":"https:\/\/talenti.hr\/index.php?rest_route=%2Fwp%2Fv2%2Fproduct_cat&post=4303"},{"taxonomy":"product_tag","embeddable":true,"href":"https:\/\/talenti.hr\/index.php?rest_route=%2Fwp%2Fv2%2Fproduct_tag&post=4303"}],"curies":[{"name":"wp","href":"https:\/\/api.w.org\/{rel}","templated":true}]}}