{"id":4313,"date":"2020-07-25T11:47:35","date_gmt":"2020-07-25T09:47:35","guid":{"rendered":"https:\/\/talenti.hr\/?post_type=product&#038;p=4313"},"modified":"2020-07-25T12:32:21","modified_gmt":"2020-07-25T10:32:21","slug":"parafinsko-ulje-1-l","status":"publish","type":"product","link":"https:\/\/talenti.hr\/?product=parafinsko-ulje-1-l","title":{"rendered":"Parafinsko ulje 1 l"},"content":{"rendered":"<p>Ovo parafinsko ulje proizvedeno je u Italiji i predvi\u0111eno je za artisti\u010dki rad s vatrom.Nema boje,dima ni mirisa.Mo\u017ee se koristiti ljeti i zimi zbog konzistencije i viskoznosti.Daje velik i svijetao plamen.Dobro se upija u kevlar tako da se malo gubi kod vrtnje.Ne smrzava se do &#8211; 40 *C.S vremenom mo\u017ee dobiti \u017euti ton \u0161to ne utje\u010de na svojstva i efikasnost.<\/p>\n<p>UPOZORENJE: \u010cuvati na hladnom mjestu van dohvata djece.Proizvod je opasan i koristi se samo za namakanje opreme koja sadr\u017ei kevlar.Izbjegavati kontakt s ko\u017eom.Obzirom da postoji opasnost od opekotina preporu\u010duje se upotreba ljudima sa iskustvom rada s vatrom.<\/p>\n<p>Proizvo\u0111a\u010d i prodava\u010d ne snose odgovornost u slu\u010daju \u0161tete nastale nepa\u017eljivom upotrebom.<\/p>\n","protected":false},"excerpt":{"rendered":"<ul>\n<li>Rok isporuke: 5-7 dana<\/li>\n<\/ul>\n<p> &#8230; <\/p>\n","protected":false},"featured_media":4315,"comment_status":"open","ping_status":"closed","template":"","meta":[],"product_brand":[],"product_cat":[157,149],"product_tag":[745,747,749,750,746,751,742],"class_list":{"0":"post-4313","1":"product","2":"type-product","3":"status-publish","4":"has-post-thumbnail","6":"product_cat-vatreni-rekviziti","7":"product_cat-zongliranje","8":"product_tag-parafinsko","9":"product_tag-rad","10":"product_tag-rekvizitima","11":"product_tag-s","12":"product_tag-ulje","13":"product_tag-vatrenim","14":"product_tag-za","16":"first","17":"instock","18":"sold-individually","19":"taxable","20":"shipping-taxable","21":"purchasable","22":"product-type-simple"},"_links":{"self":[{"href":"https:\/\/talenti.hr\/index.php?rest_route=\/wp\/v2\/product\/4313","targetHints":{"allow":["GET"]}}],"collection":[{"href":"https:\/\/talenti.hr\/index.php?rest_route=\/wp\/v2\/product"}],"about":[{"href":"https:\/\/talenti.hr\/index.php?rest_route=\/wp\/v2\/types\/product"}],"replies":[{"embeddable":true,"href":"https:\/\/talenti.hr\/index.php?rest_route=%2Fwp%2Fv2%2Fcomments&post=4313"}],"wp:featuredmedia":[{"embeddable":true,"href":"https:\/\/talenti.hr\/index.php?rest_route=\/wp\/v2\/media\/4315"}],"wp:attachment":[{"href":"https:\/\/talenti.hr\/index.php?rest_route=%2Fwp%2Fv2%2Fmedia&parent=4313"}],"wp:term":[{"taxonomy":"product_brand","embeddable":true,"href":"https:\/\/talenti.hr\/index.php?rest_route=%2Fwp%2Fv2%2Fproduct_brand&post=4313"},{"taxonomy":"product_cat","embeddable":true,"href":"https:\/\/talenti.hr\/index.php?rest_route=%2Fwp%2Fv2%2Fproduct_cat&post=4313"},{"taxonomy":"product_tag","embeddable":true,"href":"https:\/\/talenti.hr\/index.php?rest_route=%2Fwp%2Fv2%2Fproduct_tag&post=4313"}],"curies":[{"name":"wp","href":"https:\/\/api.w.org\/{rel}","templated":true}]}}