{"id":4323,"date":"2020-07-25T13:13:01","date_gmt":"2020-07-25T11:13:01","guid":{"rendered":"https:\/\/talenti.hr\/?post_type=product&#038;p=4323"},"modified":"2020-07-25T13:14:47","modified_gmt":"2020-07-25T11:14:47","slug":"baklje-swing-pro","status":"publish","type":"product","link":"https:\/\/talenti.hr\/?product=baklje-swing-pro","title":{"rendered":"Baklje Swing PRO"},"content":{"rendered":"<p>Najbolje baklje PRO na tr\u017ei\u0161tu.Du\u017eina od 52 cm je kao kod \u010dunjeva \u0161to olak\u0161ava rad \u017eonglerima.Dr\u0161ka je okrugla izra\u0111ena od silikona,solidne veli\u010dine za dobar hvat i mogu se primijeniti mnoge Poi tehnike.Kevlar je montiran elegantno i prakti\u010dno.Vijci za u\u010dvr\u0161\u0107ivanje su skriveni da se izbjegne kontakt i mogu\u0107e opekotine,a isto tako je namotan i dio oko dr\u0161ke.Ima drvenu jezgru.<\/p>\n<p>UPUTE ZA RAD: Ne pustiti da izgori do kraja,ako plamen postane plavkast odmah prestati s radom,naravno bolje je i ne\u0161to ranije.Najbolje i najsigurnije je ugasiti ga pokriva\u010dem za ga\u0161enje vatre.Nakon upotrebe namo\u010diti ponovo kevlar parafinskim uljem i pustiti da se ohladi prije ponovnog paljenja.Da bi rekviziti trajali \u0161to du\u017ee koristiti samo parafinsko ulje bez dodanog alkohola.<\/p>\n<p>UPOZORENJE:Obzirom da postoji opasnost od opekotina preporu\u010duje se upotreba ljudima sa iskustvom rada s vatrom.<\/p>\n<p>Proizvo\u0111a\u010d i prodava\u010d ne snose odgovornost u slu\u010daju \u0161tete nastale nepa\u017eljivom upotrebom.<\/p>\n","protected":false},"excerpt":{"rendered":"<ul>\n<li>Cijena je za 1 komad!<\/li>\n<li>Du\u017eina: 52 cm<\/li>\n<li>Te\u017eina: 140 &#8230;<br \/>\n","protected":false},"featured_media":4325,"comment_status":"open","ping_status":"closed","template":"","meta":[],"product_brand":[],"product_cat":[157,149],"product_tag":[752,325,753],"class_list":{"0":"post-4323","1":"product","2":"type-product","3":"status-publish","4":"has-post-thumbnail","6":"product_cat-vatreni-rekviziti","7":"product_cat-zongliranje","8":"product_tag-baklje","9":"product_tag-pro","10":"product_tag-swing","12":"first","13":"instock","14":"sold-individually","15":"taxable","16":"shipping-taxable","17":"purchasable","18":"product-type-simple"},"_links":{"self":[{"href":"https:\/\/talenti.hr\/index.php?rest_route=\/wp\/v2\/product\/4323","targetHints":{"allow":["GET"]}}],"collection":[{"href":"https:\/\/talenti.hr\/index.php?rest_route=\/wp\/v2\/product"}],"about":[{"href":"https:\/\/talenti.hr\/index.php?rest_route=\/wp\/v2\/types\/product"}],"replies":[{"embeddable":true,"href":"https:\/\/talenti.hr\/index.php?rest_route=%2Fwp%2Fv2%2Fcomments&post=4323"}],"wp:featuredmedia":[{"embeddable":true,"href":"https:\/\/talenti.hr\/index.php?rest_route=\/wp\/v2\/media\/4325"}],"wp:attachment":[{"href":"https:\/\/talenti.hr\/index.php?rest_route=%2Fwp%2Fv2%2Fmedia&parent=4323"}],"wp:term":[{"taxonomy":"product_brand","embeddable":true,"href":"https:\/\/talenti.hr\/index.php?rest_route=%2Fwp%2Fv2%2Fproduct_brand&post=4323"},{"taxonomy":"product_cat","embeddable":true,"href":"https:\/\/talenti.hr\/index.php?rest_route=%2Fwp%2Fv2%2Fproduct_cat&post=4323"},{"taxonomy":"product_tag","embeddable":true,"href":"https:\/\/talenti.hr\/index.php?rest_route=%2Fwp%2Fv2%2Fproduct_tag&post=4323"}],"curies":[{"name":"wp","href":"https:\/\/api.w.org\/{rel}","templated":true}]}}