{"id":4328,"date":"2020-07-25T13:30:47","date_gmt":"2020-07-25T11:30:47","guid":{"rendered":"https:\/\/talenti.hr\/?post_type=product&#038;p=4328"},"modified":"2020-07-25T14:50:13","modified_gmt":"2020-07-25T12:50:13","slug":"baklje-swing","status":"publish","type":"product","link":"https:\/\/talenti.hr\/?product=baklje-swing","title":{"rendered":"Baklje Swing"},"content":{"rendered":"<p>Jednostavna baklja kojom se lako rukuje.Mogu se imitirati osnovni elementi rada s Poiem,ali se zato \u0161to nema lanca lak\u0161e naglo zaustavlja.Elasti\u010dna okrugla dr\u0161ka na kraju je \u017eute boje,ali i to se mo\u017eev promijeniti.<\/p>\n<p>UPUTE ZA RAD: Ne pustiti da izgori do kraja,ako plamen postane plavkast odmah prestati s radom,naravno bolje je i ne\u0161to ranije.Najbolje i najsigurnije je ugasiti ga pokriva\u010dem za ga\u0161enje vatre.Nakon upotrebe namo\u010diti ponovo kevlar parafinskim uljem i pustiti da se ohladi prije ponovnog paljenja.Da bi rekviziti trajali \u0161to du\u017ee koristiti samo parafinsko ulje bez dodanog alkohola.<\/p>\n<p>UPOZORENJE:Obzirom da postoji opasnost od opekotina preporu\u010duje se upotreba ljudima sa iskustvom rada s vatrom.<\/p>\n<p>Proizvo\u0111a\u010d i prodava\u010d ne snose odgovornost u slu\u010daju \u0161tete nastale nepa\u017eljivom upotrebom.<\/p>\n","protected":false},"excerpt":{"rendered":"<ul>\n<li>Cijena je za 1 komad!<\/li>\n<li>Du\u017eina: 50 cm<\/li>\n<li>\u0160irina kevlara: &#8230;<br \/>\n","protected":false},"featured_media":4330,"comment_status":"open","ping_status":"closed","template":"","meta":[],"product_brand":[],"product_cat":[157,149],"product_tag":[752,753],"class_list":{"0":"post-4328","1":"product","2":"type-product","3":"status-publish","4":"has-post-thumbnail","6":"product_cat-vatreni-rekviziti","7":"product_cat-zongliranje","8":"product_tag-baklje","9":"product_tag-swing","11":"first","12":"instock","13":"sold-individually","14":"taxable","15":"shipping-taxable","16":"purchasable","17":"product-type-simple"},"_links":{"self":[{"href":"https:\/\/talenti.hr\/index.php?rest_route=\/wp\/v2\/product\/4328","targetHints":{"allow":["GET"]}}],"collection":[{"href":"https:\/\/talenti.hr\/index.php?rest_route=\/wp\/v2\/product"}],"about":[{"href":"https:\/\/talenti.hr\/index.php?rest_route=\/wp\/v2\/types\/product"}],"replies":[{"embeddable":true,"href":"https:\/\/talenti.hr\/index.php?rest_route=%2Fwp%2Fv2%2Fcomments&post=4328"}],"wp:featuredmedia":[{"embeddable":true,"href":"https:\/\/talenti.hr\/index.php?rest_route=\/wp\/v2\/media\/4330"}],"wp:attachment":[{"href":"https:\/\/talenti.hr\/index.php?rest_route=%2Fwp%2Fv2%2Fmedia&parent=4328"}],"wp:term":[{"taxonomy":"product_brand","embeddable":true,"href":"https:\/\/talenti.hr\/index.php?rest_route=%2Fwp%2Fv2%2Fproduct_brand&post=4328"},{"taxonomy":"product_cat","embeddable":true,"href":"https:\/\/talenti.hr\/index.php?rest_route=%2Fwp%2Fv2%2Fproduct_cat&post=4328"},{"taxonomy":"product_tag","embeddable":true,"href":"https:\/\/talenti.hr\/index.php?rest_route=%2Fwp%2Fv2%2Fproduct_tag&post=4328"}],"curies":[{"name":"wp","href":"https:\/\/api.w.org\/{rel}","templated":true}]}}