{"id":4339,"date":"2020-07-25T13:58:48","date_gmt":"2020-07-25T11:58:48","guid":{"rendered":"https:\/\/talenti.hr\/?post_type=product&#038;p=4339"},"modified":"2020-07-25T13:58:48","modified_gmt":"2020-07-25T11:58:48","slug":"vatreni-hula-hoop","status":"publish","type":"product","link":"https:\/\/talenti.hr\/?product=vatreni-hula-hoop","title":{"rendered":"Vatreni Hula Hoop"},"content":{"rendered":"<p>Ovaj vatreni Hula Hoop je lagan,ali \u010dvrst,mo\u017ee se rastaviti i lako se prenosi.Vatrene glave se lako odvijaju.Napravljene su od \u010deli\u010dnec \u017eice pa su elasti\u010dne i nisu osjetljive na padove i udarce.Kada se sastavi nema ve\u0107ih zadebljanja.Mo\u017ee se sastaviti i za trening bez vatrenih glava.Povr\u0161ina je prekrivena sa sjajnom trakom i dijelom bolje hvatljivom.<\/p>\n<p>Prije upotrebe provjeriti da su svi vijci u\u010dvr\u0161\u0107eni.Kod rastavljanja i spremanja treba paziti da se vijci ne o\u0161tete,jer ako do\u0111e do o\u0161te\u0107enja upotreba nije sigurna.Kolutove ne ostavljamo un okomitom polo\u017eaju niti na vjetru.Stalna vatra mo\u017eec o\u0161tetiti kolut.<\/p>\n<p>UPUTE ZA RAD: Ne pustiti da izgori do kraja,ako plamen postane plavkast odmah prestati s radom,naravno bolje je i ne\u0161to ranije.Najbolje i najsigurnije je ugasiti ga pokriva\u010dem za ga\u0161enje vatre.Nakon upotrebe namo\u010diti ponovo kevlar parafinskim uljem i pustiti da se ohladi prije ponovnog paljenja.Da bi rekviziti trajali \u0161to du\u017ee koristiti samo parafinsko ulje bez dodanog alkohola.<\/p>\n<p>UPOZORENJE:Obzirom da postoji opasnost od opekotina preporu\u010duje se upotreba ljudima sa iskustvom rada s vatrom.<\/p>\n<p>Proizvo\u0111a\u010d i prodava\u010d ne snose odgovornost u slu\u010daju \u0161tete nastale nepa\u017eljivom upotrebom.<\/p>\n","protected":false},"excerpt":{"rendered":"<ul>\n<li>Veli\u010dina M-opseg\u00a0 90 cm ( 5 vatrenih glava ) i &#8230;<br \/>\n","protected":false},"featured_media":4341,"comment_status":"open","ping_status":"closed","template":"","meta":[],"product_brand":[],"product_cat":[157,149],"product_tag":[288,287,235],"class_list":{"0":"post-4339","1":"product","2":"type-product","3":"status-publish","4":"has-post-thumbnail","6":"product_cat-vatreni-rekviziti","7":"product_cat-zongliranje","8":"product_tag-hoop","9":"product_tag-hula","10":"product_tag-vatreni","12":"first","13":"instock","14":"sold-individually","15":"taxable","16":"shipping-taxable","17":"purchasable","18":"product-type-simple"},"_links":{"self":[{"href":"https:\/\/talenti.hr\/index.php?rest_route=\/wp\/v2\/product\/4339","targetHints":{"allow":["GET"]}}],"collection":[{"href":"https:\/\/talenti.hr\/index.php?rest_route=\/wp\/v2\/product"}],"about":[{"href":"https:\/\/talenti.hr\/index.php?rest_route=\/wp\/v2\/types\/product"}],"replies":[{"embeddable":true,"href":"https:\/\/talenti.hr\/index.php?rest_route=%2Fwp%2Fv2%2Fcomments&post=4339"}],"wp:featuredmedia":[{"embeddable":true,"href":"https:\/\/talenti.hr\/index.php?rest_route=\/wp\/v2\/media\/4341"}],"wp:attachment":[{"href":"https:\/\/talenti.hr\/index.php?rest_route=%2Fwp%2Fv2%2Fmedia&parent=4339"}],"wp:term":[{"taxonomy":"product_brand","embeddable":true,"href":"https:\/\/talenti.hr\/index.php?rest_route=%2Fwp%2Fv2%2Fproduct_brand&post=4339"},{"taxonomy":"product_cat","embeddable":true,"href":"https:\/\/talenti.hr\/index.php?rest_route=%2Fwp%2Fv2%2Fproduct_cat&post=4339"},{"taxonomy":"product_tag","embeddable":true,"href":"https:\/\/talenti.hr\/index.php?rest_route=%2Fwp%2Fv2%2Fproduct_tag&post=4339"}],"curies":[{"name":"wp","href":"https:\/\/api.w.org\/{rel}","templated":true}]}}