{"id":4363,"date":"2020-07-25T19:42:51","date_gmt":"2020-07-25T17:42:51","guid":{"rendered":"https:\/\/talenti.hr\/?post_type=product&#038;p=4363"},"modified":"2020-07-25T19:42:52","modified_gmt":"2020-07-25T17:42:52","slug":"sklopive-vatrene-lepeze-l","status":"publish","type":"product","link":"https:\/\/talenti.hr\/?product=sklopive-vatrene-lepeze-l","title":{"rendered":"Sklopive vatrene lepeze L"},"content":{"rendered":"<p>Imaju 7 vatrenih glava u\u010dvr\u0161\u0107enih zakovicama.Rasklapaju se u 1 sekundi jednom rukom.<\/p>\n<p>UPUTE ZA RAD: Ne pustiti da izgori do kraja,ako plamen postane plavkast odmah prestati s radom,naravno bolje je i ne\u0161to ranije.Najbolje i najsigurnije je ugasiti ga pokriva\u010dem za ga\u0161enje vatre.Nakon upotrebe namo\u010diti ponovo kevlar parafinskim uljem i pustiti da se ohladi prije ponovnog paljenja.Da bi rekviziti trajali \u0161to du\u017ee koristiti samo parafinsko ulje bez dodanog alkohola.<\/p>\n<p>UPOZORENJE:Obzirom da postoji opasnost od opekotina preporu\u010duje se upotreba ljudima sa iskustvom rada s vatrom.<\/p>\n<p>Proizvo\u0111a\u010d i prodava\u010d ne snose odgovornost u slu\u010daju \u0161tete nastale nepa\u017eljivom upotrebom.<\/p>\n","protected":false},"excerpt":{"rendered":"<ul>\n<li>Cijena je za 1 par!<\/li>\n<li>Te\u017eina 1 lepeze je 450 &#8230;<br \/>\n","protected":false},"featured_media":4365,"comment_status":"open","ping_status":"closed","template":"","meta":[],"product_brand":[],"product_cat":[157,149],"product_tag":[759,762,315],"class_list":{"0":"post-4363","1":"product","2":"type-product","3":"status-publish","4":"has-post-thumbnail","6":"product_cat-vatreni-rekviziti","7":"product_cat-zongliranje","8":"product_tag-lepeze","9":"product_tag-sklopive","10":"product_tag-vatrene","12":"first","13":"instock","14":"sold-individually","15":"taxable","16":"shipping-taxable","17":"purchasable","18":"product-type-simple"},"_links":{"self":[{"href":"https:\/\/talenti.hr\/index.php?rest_route=\/wp\/v2\/product\/4363","targetHints":{"allow":["GET"]}}],"collection":[{"href":"https:\/\/talenti.hr\/index.php?rest_route=\/wp\/v2\/product"}],"about":[{"href":"https:\/\/talenti.hr\/index.php?rest_route=\/wp\/v2\/types\/product"}],"replies":[{"embeddable":true,"href":"https:\/\/talenti.hr\/index.php?rest_route=%2Fwp%2Fv2%2Fcomments&post=4363"}],"wp:featuredmedia":[{"embeddable":true,"href":"https:\/\/talenti.hr\/index.php?rest_route=\/wp\/v2\/media\/4365"}],"wp:attachment":[{"href":"https:\/\/talenti.hr\/index.php?rest_route=%2Fwp%2Fv2%2Fmedia&parent=4363"}],"wp:term":[{"taxonomy":"product_brand","embeddable":true,"href":"https:\/\/talenti.hr\/index.php?rest_route=%2Fwp%2Fv2%2Fproduct_brand&post=4363"},{"taxonomy":"product_cat","embeddable":true,"href":"https:\/\/talenti.hr\/index.php?rest_route=%2Fwp%2Fv2%2Fproduct_cat&post=4363"},{"taxonomy":"product_tag","embeddable":true,"href":"https:\/\/talenti.hr\/index.php?rest_route=%2Fwp%2Fv2%2Fproduct_tag&post=4363"}],"curies":[{"name":"wp","href":"https:\/\/api.w.org\/{rel}","templated":true}]}}