{"id":4368,"date":"2020-07-26T11:04:18","date_gmt":"2020-07-26T09:04:18","guid":{"rendered":"https:\/\/talenti.hr\/?post_type=product&#038;p=4368"},"modified":"2020-07-26T11:04:19","modified_gmt":"2020-07-26T09:04:19","slug":"vatrene-lepeze-russian-spider","status":"publish","type":"product","link":"https:\/\/talenti.hr\/?product=vatrene-lepeze-russian-spider","title":{"rendered":"Vatrene lepeze Russian Spider"},"content":{"rendered":"<p>Ove lepeze napravljene su u suradnji s majstorima ove vje\u0161tine.Lagane su i lijepe konstrukcije pokrivene crnom bojom otpornom na visoke temperature koja pridonosi atraktivnosti.Za hvat slu\u017ei veliki krug.Odli\u010dne su za klasi\u010dni rad s lepezama,ali i za POI pokrete.Dobro su uravnote\u017eene pa ne umaraju ruke i lako se izvode razni trikovi.<\/p>\n<p>UPUTE ZA RAD: Ne pustiti da izgori do kraja,ako plamen postane plavkast odmah prestati s radom,naravno bolje je i ne\u0161to ranije.Najbolje i najsigurnije je ugasiti ga pokriva\u010dem za ga\u0161enje vatre.Nakon upotrebe namo\u010diti ponovo kevlar parafinskim uljem i pustiti da se ohladi prije ponovnog paljenja.Da bi rekviziti trajali \u0161to du\u017ee koristiti samo parafinsko ulje bez dodanog alkohola.<\/p>\n<p>UPOZORENJE:Obzirom da postoji opasnost od opekotina preporu\u010duje se upotreba ljudima sa iskustvom rada s vatrom.<\/p>\n<p>Proizvo\u0111a\u010d i prodava\u010d ne snose odgovornost u slu\u010daju \u0161tete nastale nepa\u017eljivom upotrebom.<\/p>\n","protected":false},"excerpt":{"rendered":"<ul>\n<li>Cijena je za 1 par!<\/li>\n<li>Te\u017eina 1 lepeze je 400 &#8230;<br \/>\n","protected":false},"featured_media":4370,"comment_status":"open","ping_status":"closed","template":"","meta":[],"product_brand":[],"product_cat":[157,149],"product_tag":[759,200,763,315],"class_list":{"0":"post-4368","1":"product","2":"type-product","3":"status-publish","4":"has-post-thumbnail","6":"product_cat-vatreni-rekviziti","7":"product_cat-zongliranje","8":"product_tag-lepeze","9":"product_tag-russian","10":"product_tag-spider","11":"product_tag-vatrene","13":"first","14":"instock","15":"sold-individually","16":"taxable","17":"shipping-taxable","18":"purchasable","19":"product-type-simple"},"_links":{"self":[{"href":"https:\/\/talenti.hr\/index.php?rest_route=\/wp\/v2\/product\/4368","targetHints":{"allow":["GET"]}}],"collection":[{"href":"https:\/\/talenti.hr\/index.php?rest_route=\/wp\/v2\/product"}],"about":[{"href":"https:\/\/talenti.hr\/index.php?rest_route=\/wp\/v2\/types\/product"}],"replies":[{"embeddable":true,"href":"https:\/\/talenti.hr\/index.php?rest_route=%2Fwp%2Fv2%2Fcomments&post=4368"}],"wp:featuredmedia":[{"embeddable":true,"href":"https:\/\/talenti.hr\/index.php?rest_route=\/wp\/v2\/media\/4370"}],"wp:attachment":[{"href":"https:\/\/talenti.hr\/index.php?rest_route=%2Fwp%2Fv2%2Fmedia&parent=4368"}],"wp:term":[{"taxonomy":"product_brand","embeddable":true,"href":"https:\/\/talenti.hr\/index.php?rest_route=%2Fwp%2Fv2%2Fproduct_brand&post=4368"},{"taxonomy":"product_cat","embeddable":true,"href":"https:\/\/talenti.hr\/index.php?rest_route=%2Fwp%2Fv2%2Fproduct_cat&post=4368"},{"taxonomy":"product_tag","embeddable":true,"href":"https:\/\/talenti.hr\/index.php?rest_route=%2Fwp%2Fv2%2Fproduct_tag&post=4368"}],"curies":[{"name":"wp","href":"https:\/\/api.w.org\/{rel}","templated":true}]}}