{"id":4379,"date":"2020-08-06T07:02:48","date_gmt":"2020-08-06T05:02:48","guid":{"rendered":"https:\/\/talenti.hr\/?post_type=product&#038;p=4379"},"modified":"2020-08-06T07:21:44","modified_gmt":"2020-08-06T05:21:44","slug":"baloni-za-oblikovanje-figura-gemar-pastel","status":"publish","type":"product","link":"https:\/\/talenti.hr\/?product=baloni-za-oblikovanje-figura-gemar-pastel","title":{"rendered":"Baloni za oblikovanje figura Gemar Pastel"},"content":{"rendered":"<p>Baloni za oblikovanje figura Gemar Pastel su pastelnih boja. Koriste ih i profesionalni animatori.Kod niskih zimskih tempetratura bolje je da ih prethodno rastegnemo.Tako \u0107e biti elasti\u010dniji i izdr\u017eljiviji.Baloni su 100% razgradljivi i ne one\u010di\u0161\u0107uju okoli\u0161.Mogu se napuhati zrakom ili helijem.Napravljeni su od prirodnog lateksa koji mo\u017ee izazvati alergijske reakcije kod osoba alergi\u010dnih na taj materijal.Zato vam savjetujemo da po\u0161tujete sve prilo\u017eene upute.<\/p>\n<p>Upozorenje: Baloni kao igra\u010dka nisu primjereni za djecu mla\u0111u od 8 godina.Mali dijelovi mogu biti opasni za gu\u0161enje,a mla\u0111a djeca se mogu ugu\u0161iti i s nenapuhanim ili probu\u0161enim balonima.Zato je potreban nadzor odraslih,a nenapuhane balone spremite van dohvata djece.O\u0161te\u0107ene i probu\u0161ene balone odmah bacite u sme\u0107e.Kada napuhujete balone pazite na o\u010di i u\u0161i,a iz zdravstvenih razloga bolje ih je ne napuhivati ustima.Zato uvijek koristite pumpu za balone.<\/p>\n<p>&nbsp;<\/p>\n","protected":false},"excerpt":{"rendered":"<ul>\n<li>U vre\u0107ici je 100 balona<\/li>\n<li>Promjer po napuhavanju: 5 cm<\/li>\n<p> &#8230; <\/p>\n","protected":false},"featured_media":4381,"comment_status":"open","ping_status":"closed","template":"","meta":[],"product_brand":[],"product_cat":[181,180],"product_tag":[449,550,764,451,454,742],"class_list":{"0":"post-4379","1":"product","2":"type-product","3":"status-publish","4":"has-post-thumbnail","6":"product_cat-baloni-za-oblikovanje-figura","7":"product_cat-razno","8":"product_tag-baloni","9":"product_tag-figura","10":"product_tag-gemar","11":"product_tag-oblikovanje","12":"product_tag-pastel","13":"product_tag-za","15":"first","16":"instock","17":"sale","18":"sold-individually","19":"taxable","20":"shipping-taxable","21":"purchasable","22":"product-type-simple"},"_links":{"self":[{"href":"https:\/\/talenti.hr\/index.php?rest_route=\/wp\/v2\/product\/4379","targetHints":{"allow":["GET"]}}],"collection":[{"href":"https:\/\/talenti.hr\/index.php?rest_route=\/wp\/v2\/product"}],"about":[{"href":"https:\/\/talenti.hr\/index.php?rest_route=\/wp\/v2\/types\/product"}],"replies":[{"embeddable":true,"href":"https:\/\/talenti.hr\/index.php?rest_route=%2Fwp%2Fv2%2Fcomments&post=4379"}],"wp:featuredmedia":[{"embeddable":true,"href":"https:\/\/talenti.hr\/index.php?rest_route=\/wp\/v2\/media\/4381"}],"wp:attachment":[{"href":"https:\/\/talenti.hr\/index.php?rest_route=%2Fwp%2Fv2%2Fmedia&parent=4379"}],"wp:term":[{"taxonomy":"product_brand","embeddable":true,"href":"https:\/\/talenti.hr\/index.php?rest_route=%2Fwp%2Fv2%2Fproduct_brand&post=4379"},{"taxonomy":"product_cat","embeddable":true,"href":"https:\/\/talenti.hr\/index.php?rest_route=%2Fwp%2Fv2%2Fproduct_cat&post=4379"},{"taxonomy":"product_tag","embeddable":true,"href":"https:\/\/talenti.hr\/index.php?rest_route=%2Fwp%2Fv2%2Fproduct_tag&post=4379"}],"curies":[{"name":"wp","href":"https:\/\/api.w.org\/{rel}","templated":true}]}}