{"id":4823,"date":"2021-10-12T01:15:43","date_gmt":"2021-10-11T23:15:43","guid":{"rendered":"https:\/\/talenti.hr\/?post_type=product&#038;p=4823"},"modified":"2023-01-22T20:24:59","modified_gmt":"2023-01-22T19:24:59","slug":"cunjevi-delphin-training","status":"publish","type":"product","link":"https:\/\/talenti.hr\/?product=cunjevi-delphin-training","title":{"rendered":"Diabolo Beach Free s le\u017eajevima"},"content":{"rendered":"<p>Predstavljamo najnoviji Diabolo u Henrys asortimanu. Diablo Beach Free nije poseban samo po svojoj prozirnoj boji i unutarnjim rebrima koji dodaju te\u017einu, a samim time i stabilnost, ve\u0107 i po sustavu kugli\u010dnih le\u017eajeva koji mu omogu\u0107uje do 20x du\u017eu rotaciju u odnosu na klasi\u010dne diabole. Vanjski dijelovi osi izra\u0111eni su u crno bijeloj boji tako da \u0107ete odmah znati u kojem smjeru je rotacija omogu\u0107ena. Diabolo Beach Free omogu\u0107uje izvo\u0111enje najzahtjevnijih trikova.<\/p>\n<p>Palice nisu uklju\u010dene u cijenu!<\/p>\n<p>&nbsp;<\/p>\n<p>&nbsp;<\/p>\n","protected":false},"excerpt":{"rendered":"<ul>\n<li>Cijena za 1 komad!<\/li>\n<li>Promjer: 120 mm<\/li>\n<li>Du\u017eina: 235 mm<\/li>\n<p> &#8230; <\/p>\n","protected":false},"featured_media":5407,"comment_status":"open","ping_status":"closed","template":"","meta":[],"product_brand":[],"product_cat":[151],"product_tag":[210],"class_list":{"0":"post-4823","1":"product","2":"type-product","3":"status-publish","4":"has-post-thumbnail","6":"product_cat-diabolo-i-palice","7":"product_tag-diabolo","9":"first","10":"instock","11":"taxable","12":"shipping-taxable","13":"purchasable","14":"product-type-simple"},"_links":{"self":[{"href":"https:\/\/talenti.hr\/index.php?rest_route=\/wp\/v2\/product\/4823","targetHints":{"allow":["GET"]}}],"collection":[{"href":"https:\/\/talenti.hr\/index.php?rest_route=\/wp\/v2\/product"}],"about":[{"href":"https:\/\/talenti.hr\/index.php?rest_route=\/wp\/v2\/types\/product"}],"replies":[{"embeddable":true,"href":"https:\/\/talenti.hr\/index.php?rest_route=%2Fwp%2Fv2%2Fcomments&post=4823"}],"wp:featuredmedia":[{"embeddable":true,"href":"https:\/\/talenti.hr\/index.php?rest_route=\/wp\/v2\/media\/5407"}],"wp:attachment":[{"href":"https:\/\/talenti.hr\/index.php?rest_route=%2Fwp%2Fv2%2Fmedia&parent=4823"}],"wp:term":[{"taxonomy":"product_brand","embeddable":true,"href":"https:\/\/talenti.hr\/index.php?rest_route=%2Fwp%2Fv2%2Fproduct_brand&post=4823"},{"taxonomy":"product_cat","embeddable":true,"href":"https:\/\/talenti.hr\/index.php?rest_route=%2Fwp%2Fv2%2Fproduct_cat&post=4823"},{"taxonomy":"product_tag","embeddable":true,"href":"https:\/\/talenti.hr\/index.php?rest_route=%2Fwp%2Fv2%2Fproduct_tag&post=4823"}],"curies":[{"name":"wp","href":"https:\/\/api.w.org\/{rel}","templated":true}]}}