{"id":5032,"date":"2022-02-04T18:08:39","date_gmt":"2022-02-04T17:08:39","guid":{"rendered":"https:\/\/talenti.hr\/?post_type=product&#038;p=5032"},"modified":"2023-01-25T23:56:23","modified_gmt":"2023-01-25T22:56:23","slug":"igra-ravnoteze-ljenivac","status":"publish","type":"product","link":"https:\/\/talenti.hr\/?product=igra-ravnoteze-ljenivac","title":{"rendered":"Igra ravnote\u017ee Ljenivac"},"content":{"rendered":"<p>Zabavna igra ravnote\u017ee i spretnosti zasigurno \u0107e zabaviti cijelu obitelj! Stavite drvene \u0161tapi\u0107e na trbuh ljenivca i pobrinite se da zadr\u017ei ravnote\u017eu! Igru mo\u017ee igrati jedan ili vi\u0161e igra\u010da. Cilj igre je staviti \u0161tapi\u0107e raznih veli\u010dina i te\u017eina na trbuh ljenjivca, a da ga ne sru\u0161ite s grane.<\/p>\n<p>Igra poti\u010de razvoj koncentracije i koordinacije te spretnost ruku.<\/p>\n<p>UPOZORENJE: artikl nije za djecu mla\u0111u od 3 godine, jer sadr\u017ei malene dijelove koji su opasni, jer ih mogu udahnuti ili progutati. Prije upotrebe skinuti ambala\u017eu, a ove informacije spremiti za kasniju upotrebu.<\/p>\n","protected":false},"excerpt":{"rendered":"<ul>\n<li>Materijal: drvo<\/li>\n<li class=\"li2\">Dimenzije: 15,5 x 6,5 x 21,5 cm<\/li>\n<p> &#8230; <\/p>\n","protected":false},"featured_media":5033,"comment_status":"open","ping_status":"closed","template":"","meta":[],"product_brand":[],"product_cat":[161,183,180],"product_tag":[459,790],"class_list":{"0":"post-5032","1":"product","2":"type-product","3":"status-publish","4":"has-post-thumbnail","6":"product_cat-didakticne-igracke","7":"product_cat-igre-spretnosti","8":"product_cat-razno","9":"product_tag-igra","10":"product_tag-ravnoteza","12":"first","13":"instock","14":"taxable","15":"shipping-taxable","16":"purchasable","17":"product-type-simple"},"_links":{"self":[{"href":"https:\/\/talenti.hr\/index.php?rest_route=\/wp\/v2\/product\/5032","targetHints":{"allow":["GET"]}}],"collection":[{"href":"https:\/\/talenti.hr\/index.php?rest_route=\/wp\/v2\/product"}],"about":[{"href":"https:\/\/talenti.hr\/index.php?rest_route=\/wp\/v2\/types\/product"}],"replies":[{"embeddable":true,"href":"https:\/\/talenti.hr\/index.php?rest_route=%2Fwp%2Fv2%2Fcomments&post=5032"}],"wp:featuredmedia":[{"embeddable":true,"href":"https:\/\/talenti.hr\/index.php?rest_route=\/wp\/v2\/media\/5033"}],"wp:attachment":[{"href":"https:\/\/talenti.hr\/index.php?rest_route=%2Fwp%2Fv2%2Fmedia&parent=5032"}],"wp:term":[{"taxonomy":"product_brand","embeddable":true,"href":"https:\/\/talenti.hr\/index.php?rest_route=%2Fwp%2Fv2%2Fproduct_brand&post=5032"},{"taxonomy":"product_cat","embeddable":true,"href":"https:\/\/talenti.hr\/index.php?rest_route=%2Fwp%2Fv2%2Fproduct_cat&post=5032"},{"taxonomy":"product_tag","embeddable":true,"href":"https:\/\/talenti.hr\/index.php?rest_route=%2Fwp%2Fv2%2Fproduct_tag&post=5032"}],"curies":[{"name":"wp","href":"https:\/\/api.w.org\/{rel}","templated":true}]}}