{"id":5189,"date":"2022-07-05T12:12:08","date_gmt":"2022-07-05T10:12:08","guid":{"rendered":"https:\/\/talenti.hr\/?post_type=product&#038;p=5189"},"modified":"2023-01-22T19:57:21","modified_gmt":"2023-01-22T18:57:21","slug":"diabolo-beach","status":"publish","type":"product","link":"https:\/\/talenti.hr\/?product=diabolo-beach","title":{"rendered":"Diabolo Beach"},"content":{"rendered":"<p>Predstavljamo redizajnirani Diabolo Beach Henrys. Diablo Beach nije poseban samo po prozirnoj boji i unutarnjim rebrima koji dodaju te\u017einu, a time i stabilnost, ve\u0107 i po obnovljenoj osi koja zna\u010dajno pobolj\u0161ava preciznost diabola u odnosu na stariju verziju.<\/p>\n<p>Cijena je ne uklju\u010duje palice za diabolo!<\/p>\n<p>&nbsp;<\/p>\n<p>&nbsp;<\/p>\n","protected":false},"excerpt":{"rendered":"<ul>\n<li>Te\u017eina: 215 g<\/li>\n<li>Promjer: 120 mm<\/li>\n<li>Veli\u010dina: 215 mm<\/li>\n<li>Boje: &#8230;<br \/>\n","protected":false},"featured_media":5190,"comment_status":"open","ping_status":"closed","template":"","meta":[],"product_brand":[],"product_cat":[151,149],"product_tag":[210],"class_list":{"0":"post-5189","1":"product","2":"type-product","3":"status-publish","4":"has-post-thumbnail","6":"product_cat-diabolo-i-palice","7":"product_cat-zongliranje","8":"product_tag-diabolo","10":"first","11":"instock","12":"taxable","13":"shipping-taxable","14":"purchasable","15":"product-type-simple"},"_links":{"self":[{"href":"https:\/\/talenti.hr\/index.php?rest_route=\/wp\/v2\/product\/5189","targetHints":{"allow":["GET"]}}],"collection":[{"href":"https:\/\/talenti.hr\/index.php?rest_route=\/wp\/v2\/product"}],"about":[{"href":"https:\/\/talenti.hr\/index.php?rest_route=\/wp\/v2\/types\/product"}],"replies":[{"embeddable":true,"href":"https:\/\/talenti.hr\/index.php?rest_route=%2Fwp%2Fv2%2Fcomments&post=5189"}],"wp:featuredmedia":[{"embeddable":true,"href":"https:\/\/talenti.hr\/index.php?rest_route=\/wp\/v2\/media\/5190"}],"wp:attachment":[{"href":"https:\/\/talenti.hr\/index.php?rest_route=%2Fwp%2Fv2%2Fmedia&parent=5189"}],"wp:term":[{"taxonomy":"product_brand","embeddable":true,"href":"https:\/\/talenti.hr\/index.php?rest_route=%2Fwp%2Fv2%2Fproduct_brand&post=5189"},{"taxonomy":"product_cat","embeddable":true,"href":"https:\/\/talenti.hr\/index.php?rest_route=%2Fwp%2Fv2%2Fproduct_cat&post=5189"},{"taxonomy":"product_tag","embeddable":true,"href":"https:\/\/talenti.hr\/index.php?rest_route=%2Fwp%2Fv2%2Fproduct_tag&post=5189"}],"curies":[{"name":"wp","href":"https:\/\/api.w.org\/{rel}","templated":true}]}}