{"id":5381,"date":"2023-01-20T23:49:55","date_gmt":"2023-01-20T22:49:55","guid":{"rendered":"https:\/\/talenti.hr\/?post_type=product&#038;p=5381"},"modified":"2025-01-07T11:23:47","modified_gmt":"2025-01-07T10:23:47","slug":"vostane-boje-fantasy-glitter-x-6","status":"publish","type":"product","link":"https:\/\/talenti.hr\/?product=vostane-boje-fantasy-glitter-x-6","title":{"rendered":"VO\u0160TANE BOJE FANTASY GLITTER X 6"},"content":{"rendered":"<p>Set sadr\u017ei 6 vo\u0161tanih boja sa \u0161ljokicama za oslikavanje lica (srebrna, zlatna, crvena, zelena, plava, vi\u0161ebojna).<br \/>\nPrije nano\u0161enja preporu\u010dljivo je namazati lice obi\u010dnom kremom, radi kasnijeg lak\u0161eg skidanja boje koja se skida odstranjiva\u010dem boje.<\/p>\n","protected":false},"excerpt":{"rendered":"<ul>\n<li>Boje: srebrna, zlatna, crvena, zelena, plava, vi\u0161ebojna<\/li>\n<li>Vrijeme dostave: 3-7 &#8230;<br \/>\n","protected":false},"featured_media":5382,"comment_status":"open","ping_status":"closed","template":"","meta":[],"product_brand":[],"product_cat":[184,180],"product_tag":[472,807,475],"class_list":{"0":"post-5381","1":"product","2":"type-product","3":"status-publish","4":"has-post-thumbnail","6":"product_cat-boje-za-oslikavanje-lica-tijela-i-kose","7":"product_cat-razno","8":"product_tag-boje","9":"product_tag-glitter","10":"product_tag-vostane","12":"first","13":"outofstock","14":"taxable","15":"shipping-taxable","16":"purchasable","17":"product-type-simple"},"_links":{"self":[{"href":"https:\/\/talenti.hr\/index.php?rest_route=\/wp\/v2\/product\/5381","targetHints":{"allow":["GET"]}}],"collection":[{"href":"https:\/\/talenti.hr\/index.php?rest_route=\/wp\/v2\/product"}],"about":[{"href":"https:\/\/talenti.hr\/index.php?rest_route=\/wp\/v2\/types\/product"}],"replies":[{"embeddable":true,"href":"https:\/\/talenti.hr\/index.php?rest_route=%2Fwp%2Fv2%2Fcomments&post=5381"}],"wp:featuredmedia":[{"embeddable":true,"href":"https:\/\/talenti.hr\/index.php?rest_route=\/wp\/v2\/media\/5382"}],"wp:attachment":[{"href":"https:\/\/talenti.hr\/index.php?rest_route=%2Fwp%2Fv2%2Fmedia&parent=5381"}],"wp:term":[{"taxonomy":"product_brand","embeddable":true,"href":"https:\/\/talenti.hr\/index.php?rest_route=%2Fwp%2Fv2%2Fproduct_brand&post=5381"},{"taxonomy":"product_cat","embeddable":true,"href":"https:\/\/talenti.hr\/index.php?rest_route=%2Fwp%2Fv2%2Fproduct_cat&post=5381"},{"taxonomy":"product_tag","embeddable":true,"href":"https:\/\/talenti.hr\/index.php?rest_route=%2Fwp%2Fv2%2Fproduct_tag&post=5381"}],"curies":[{"name":"wp","href":"https:\/\/api.w.org\/{rel}","templated":true}]}}