{"id":6026,"date":"2024-05-24T11:17:29","date_gmt":"2024-05-24T09:17:29","guid":{"rendered":"https:\/\/talenti.hr\/?post_type=product&#038;p=6026"},"modified":"2024-10-31T08:53:55","modified_gmt":"2024-10-31T07:53:55","slug":"boje-za-lice-i-tijelo-fantasy-aqua-color-express-15g-glitter","status":"publish","type":"product","link":"https:\/\/talenti.hr\/?product=boje-za-lice-i-tijelo-fantasy-aqua-color-express-15g-glitter","title":{"rendered":"BOJa ZA LICE I TIJELO Fantasy Aqua color Express 15g Glitter"},"content":{"rendered":"<p>Boje Fantasy Aqua Express namijenjene su zahtjevnijim korisnicima. Glavna prednost pred uobi\u010dajenim Aqua Make Up bojama je da se izuzetno brzo su\u0161e. Zbog novih sastojaka ostavljaju jako intenzivne otiske. Za nanos boje koristi se vla\u017ena spu\u017evica ili kisti\u0107 za preciznije pojedinosti. Boju s lica ili tijela odstranjujemo jednostavno vodom i sapunom.<\/p>\n<p>Upozorenje: paziti da ne do\u0111u u kontakt sa sluznicom (o\u010di, nos, usta), a u slu\u010daju kontakta dobro isprati vodom.<\/p>\n<p><iframe loading=\"lazy\" title=\"Schminktutorial mit Fantasy-Make-Up Aqua Express &quot;Prinzessin Kleine Feder&quot;\" width=\"500\" height=\"281\" src=\"https:\/\/www.youtube.com\/embed\/E64tfDPIN3I?feature=oembed\" frameborder=\"0\" allow=\"accelerometer; autoplay; clipboard-write; encrypted-media; gyroscope; picture-in-picture; web-share\" referrerpolicy=\"strict-origin-when-cross-origin\" allowfullscreen><\/iframe><\/p>\n","protected":false},"excerpt":{"rendered":"<ul>\n<li>Te\u017eina: 15 g<\/li>\n<li>Boje: antracit, roza, srebrna, ljubi\u010dasta, zelena, zlatna, &#8230;<br \/>\n","protected":false},"featured_media":6028,"comment_status":"closed","ping_status":"closed","template":"..\/public\/views\/revslider-page-template.php","meta":[],"product_brand":[],"product_cat":[184,180],"product_tag":[472,807],"class_list":{"0":"post-6026","1":"product","2":"type-product","3":"status-publish","4":"has-post-thumbnail","6":"product_cat-boje-za-oslikavanje-lica-tijela-i-kose","7":"product_cat-razno","8":"product_tag-boje","9":"product_tag-glitter","11":"first","12":"instock","13":"taxable","14":"shipping-taxable","15":"purchasable","16":"product-type-simple"},"_links":{"self":[{"href":"https:\/\/talenti.hr\/index.php?rest_route=\/wp\/v2\/product\/6026","targetHints":{"allow":["GET"]}}],"collection":[{"href":"https:\/\/talenti.hr\/index.php?rest_route=\/wp\/v2\/product"}],"about":[{"href":"https:\/\/talenti.hr\/index.php?rest_route=\/wp\/v2\/types\/product"}],"replies":[{"embeddable":true,"href":"https:\/\/talenti.hr\/index.php?rest_route=%2Fwp%2Fv2%2Fcomments&post=6026"}],"wp:featuredmedia":[{"embeddable":true,"href":"https:\/\/talenti.hr\/index.php?rest_route=\/wp\/v2\/media\/6028"}],"wp:attachment":[{"href":"https:\/\/talenti.hr\/index.php?rest_route=%2Fwp%2Fv2%2Fmedia&parent=6026"}],"wp:term":[{"taxonomy":"product_brand","embeddable":true,"href":"https:\/\/talenti.hr\/index.php?rest_route=%2Fwp%2Fv2%2Fproduct_brand&post=6026"},{"taxonomy":"product_cat","embeddable":true,"href":"https:\/\/talenti.hr\/index.php?rest_route=%2Fwp%2Fv2%2Fproduct_cat&post=6026"},{"taxonomy":"product_tag","embeddable":true,"href":"https:\/\/talenti.hr\/index.php?rest_route=%2Fwp%2Fv2%2Fproduct_tag&post=6026"}],"curies":[{"name":"wp","href":"https:\/\/api.w.org\/{rel}","templated":true}]}}